{"id":476,"date":"2023-07-12T13:02:21","date_gmt":"2023-07-12T13:02:21","guid":{"rendered":"https:\/\/sorton.fr\/?page_id=476"},"modified":"2023-12-28T12:16:16","modified_gmt":"2023-12-28T12:16:16","slug":"politique-dexpedition","status":"publish","type":"page","link":"https:\/\/sorton.fr\/en\/politique-dexpedition","title":{"rendered":"Politique d&rsquo;exp\u00e9dition"},"content":{"rendered":"<div id=\"page-header-1970044836\" class=\"page-header-wrapper\">\n  <div class=\"page-title dark featured-title\">\n\n    \n    <div class=\"page-title-inner container align-center flex-row medium-flex-wrap\" >\n              <div class=\"title-wrapper flex-col text-left medium-text-center\">\n          <h1 class=\"entry-title mb-0\">\n            Politique d&rsquo;exp\u00e9dition          <\/h1>\n        <\/div>\n                    <div class=\"title-content flex-col flex-right text-right medium-text-center\">\n        <ul class=\"nav sm-touch-scroll nav-line nav-uppercase text-left nav-left\"><li class=\"nav-single-page hidden\"><\/li><\/ul>      <\/div>\n    <\/div>\n\n       <\/div>\n    <\/div>\n  \n\n\n\t<section class=\"section\" id=\"section_2062850634\">\n\t\t<div class=\"section-bg fill\" >\n\t\t\t\t\t\t\t\t\t\n\t\t\t\n\n\t\t<\/div>\n\n\t\t\n\n\t\t<div class=\"section-content relative\">\n\t\t\t\n\n\t<div id=\"gap-1799541474\" class=\"gap-element clearfix\" style=\"display:block; height:auto;\">\n\t\t\n<style>\n#gap-1799541474 {\n  padding-top: 30px;\n}\n<\/style>\n\t<\/div>\n\t\n\n<div class=\"row\"  id=\"row-1206943432\">\n\n\n\t<div id=\"col-1789840900\" class=\"col medium-4 small-12 large-4\"  >\n\t\t\t\t<div class=\"col-inner\"  >\n\t\t\t\n\t\t\t\n\n\t<div id=\"text-563222118\" class=\"text\">\n\t\t\n\n<h2>D\u00c9LAI DE TRAITEMENT<\/h2>\n\t\t\n<style>\n#text-563222118 {\n  font-size: 1rem;\n}\n<\/style>\n\t<\/div>\n\t\n\n\t\t<\/div>\n\t\t\t\t\t<\/div>\n\n\t\n\n\t<div id=\"col-2069490707\" class=\"col medium-8 small-12 large-8\"  >\n\t\t\t\t<div class=\"col-inner\"  >\n\t\t\t\n\t\t\t\n\n<p>Toutes les commandes sont sujettes \u00e0 un temps de traitement distinct, \u00e0 l&rsquo;exception du temps qu&rsquo;il faut pour qu&rsquo;un envoi parvienne \u00e0 destination une fois qu&rsquo;il a \u00e9t\u00e9 enlev\u00e9 de notre centre de traitement par le transporteur. Le d\u00e9lai de traitement et d&rsquo;exp\u00e9dition des commandes est de 1 \u00e0 3 jours (ouvr\u00e9s) mais 93,42% de nos commandes sont trait\u00e9es et exp\u00e9di\u00e9es dans les 24 heures.<\/p>\n<p>Veuillez noter que les commandes peuvent prendre de 3 \u00e0 7 jours ouvrables pour la France \u00e0 partir de la date d&rsquo;exp\u00e9dition Lorsque votre commande a \u00e9t\u00e9 exp\u00e9di\u00e9e, vous recevrez un courriel avec les informations de suivi. Vous avez aussi la possibilit\u00e9 de suivre le statut de votre commande sur notre site web dans la rubrique \u00a0\u00bb\u00a0<\/p>\n<p><span class=\"--l --r sentence_highlight\"><span class=\"--l --r hover:bg-&#091;#B4DAE8&#093; hover:dark:bg-blue-next-600\">Pour<\/span> <span class=\"--l --r hover:bg-&#091;#B4DAE8&#093; hover:dark:bg-blue-next-600\">les<\/span> <span class=\"--l --r hover:bg-&#091;#B4DAE8&#093; hover:dark:bg-blue-next-600\">commandes<\/span> <span class=\"--l --r hover:bg-&#091;#B4DAE8&#093; hover:dark:bg-blue-next-600\">inf\u00e9rieures<\/span> <span class=\"--l --r hover:bg-&#091;#B4DAE8&#093; hover:dark:bg-blue-next-600\">\u00e0<\/span> <span class=\"--l --r hover:bg-&#091;#B4DAE8&#093; hover:dark:bg-blue-next-600\">40<\/span> <span class=\"--l --r hover:bg-&#091;#B4DAE8&#093; hover:dark:bg-blue-next-600\">euros<\/span><span class=\"--l --r hover:bg-&#091;#B4DAE8&#093; hover:dark:bg-blue-next-600\">,<\/span> <span class=\"--l --r hover:bg-&#091;#B4DAE8&#093; hover:dark:bg-blue-next-600\">les<\/span> <span class=\"--l --r hover:bg-&#091;#B4DAE8&#093; hover:dark:bg-blue-next-600\">frais<\/span> <span class=\"--l --r hover:bg-&#091;#B4DAE8&#093; hover:dark:bg-blue-next-600\">de<\/span> <span class=\"--l --r hover:bg-&#091;#B4DAE8&#093; hover:dark:bg-blue-next-600\">livraison<\/span> <span class=\"--l --r hover:bg-&#091;#B4DAE8&#093; hover:dark:bg-blue-next-600\">sont<\/span> <span class=\"--l --r hover:bg-&#091;#B4DAE8&#093; hover:dark:bg-blue-next-600\">de<\/span> <span class=\"--l --r hover:bg-&#091;#B4DAE8&#093; hover:dark:bg-blue-next-600\">5<\/span> <span class=\"--l --r hover:bg-&#091;#B4DAE8&#093; hover:dark:bg-blue-next-600\">euros<\/span><span class=\"--l --r hover:bg-&#091;#B4DAE8&#093; hover:dark:bg-blue-next-600\">.<\/span><\/span><\/p>\n<p><strong><span class=\"--l --r sentence_highlight\">Pour les commandes sup\u00e9rieures \u00e0 40 euros, les frais de livraison sont de 0 euro.<\/span><\/strong><\/p>\n<a href=\"mailto:info@sorton.fr\" class=\"button primary\" >\n\t\t<span>Nous Contacter<\/span>\n\t<\/a>\n\n\n\n\t\t<\/div>\n\t\t\t\t\t<\/div>\n\n\t\n\n<\/div>\n\n\t\t<\/div>\n\n\t\t\n<style>\n#section_2062850634 {\n  padding-top: 30px;\n  padding-bottom: 30px;\n}\n<\/style>\n\t<\/section>","protected":false},"excerpt":{"rendered":"","protected":false},"author":2,"featured_media":0,"parent":0,"menu_order":0,"comment_status":"closed","ping_status":"closed","template":"","meta":{"footnotes":""},"class_list":["post-476","page","type-page","status-publish","hentry"],"yoast_head":"<!-- This site is optimized with the Yoast SEO plugin v27.3 - https:\/\/yoast.com\/product\/yoast-seo-wordpress\/ -->\n<title>Politique d&#039;exp\u00e9dition - SORTON<\/title>\n<meta name=\"robots\" content=\"noindex, nofollow\" \/>\n<meta property=\"og:locale\" content=\"en_US\" \/>\n<meta property=\"og:type\" content=\"article\" \/>\n<meta property=\"og:title\" content=\"Politique d&#039;exp\u00e9dition - SORTON\" \/>\n<meta property=\"og:url\" content=\"https:\/\/sorton.fr\/en\/politique-dexpedition\/\" \/>\n<meta property=\"og:site_name\" content=\"SORTON\" \/>\n<meta property=\"article:modified_time\" content=\"2023-12-28T12:16:16+00:00\" \/>\n<meta name=\"twitter:card\" content=\"summary_large_image\" \/>\n<meta name=\"twitter:label1\" content=\"Est. reading time\" \/>\n\t<meta name=\"twitter:data1\" content=\"1 minute\" \/>\n<script type=\"application\/ld+json\" class=\"yoast-schema-graph\">{\"@context\":\"https:\\\/\\\/schema.org\",\"@graph\":[{\"@type\":\"WebPage\",\"@id\":\"https:\\\/\\\/sorton.fr\\\/politique-dexpedition\",\"url\":\"https:\\\/\\\/sorton.fr\\\/politique-dexpedition\",\"name\":\"Politique d'exp\u00e9dition - SORTON\",\"isPartOf\":{\"@id\":\"https:\\\/\\\/sorton.fr\\\/#website\"},\"datePublished\":\"2023-07-12T13:02:21+00:00\",\"dateModified\":\"2023-12-28T12:16:16+00:00\",\"breadcrumb\":{\"@id\":\"https:\\\/\\\/sorton.fr\\\/politique-dexpedition#breadcrumb\"},\"inLanguage\":\"en-US\",\"potentialAction\":[{\"@type\":\"ReadAction\",\"target\":[\"https:\\\/\\\/sorton.fr\\\/politique-dexpedition\"]}]},{\"@type\":\"BreadcrumbList\",\"@id\":\"https:\\\/\\\/sorton.fr\\\/politique-dexpedition#breadcrumb\",\"itemListElement\":[{\"@type\":\"ListItem\",\"position\":1,\"name\":\"Home\",\"item\":\"https:\\\/\\\/sorton.fr\\\/\"},{\"@type\":\"ListItem\",\"position\":2,\"name\":\"Politique d&#8217;exp\u00e9dition\"}]},{\"@type\":\"WebSite\",\"@id\":\"https:\\\/\\\/sorton.fr\\\/#website\",\"url\":\"https:\\\/\\\/sorton.fr\\\/\",\"name\":\"SORTON\",\"description\":\"Fabricant de Lamelles d'occulation Souples\",\"potentialAction\":[{\"@type\":\"SearchAction\",\"target\":{\"@type\":\"EntryPoint\",\"urlTemplate\":\"https:\\\/\\\/sorton.fr\\\/?s={search_term_string}\"},\"query-input\":{\"@type\":\"PropertyValueSpecification\",\"valueRequired\":true,\"valueName\":\"search_term_string\"}}],\"inLanguage\":\"en-US\"}]}<\/script>\n<!-- \/ Yoast SEO plugin. -->","yoast_head_json":{"title":"Politique d'exp\u00e9dition - SORTON","robots":{"index":"noindex","follow":"nofollow"},"og_locale":"en_US","og_type":"article","og_title":"Politique d'exp\u00e9dition - SORTON","og_url":"https:\/\/sorton.fr\/en\/politique-dexpedition\/","og_site_name":"SORTON","article_modified_time":"2023-12-28T12:16:16+00:00","twitter_card":"summary_large_image","twitter_misc":{"Est. reading time":"1 minute"},"schema":{"@context":"https:\/\/schema.org","@graph":[{"@type":"WebPage","@id":"https:\/\/sorton.fr\/politique-dexpedition","url":"https:\/\/sorton.fr\/politique-dexpedition","name":"Politique d'exp\u00e9dition - SORTON","isPartOf":{"@id":"https:\/\/sorton.fr\/#website"},"datePublished":"2023-07-12T13:02:21+00:00","dateModified":"2023-12-28T12:16:16+00:00","breadcrumb":{"@id":"https:\/\/sorton.fr\/politique-dexpedition#breadcrumb"},"inLanguage":"en-US","potentialAction":[{"@type":"ReadAction","target":["https:\/\/sorton.fr\/politique-dexpedition"]}]},{"@type":"BreadcrumbList","@id":"https:\/\/sorton.fr\/politique-dexpedition#breadcrumb","itemListElement":[{"@type":"ListItem","position":1,"name":"Home","item":"https:\/\/sorton.fr\/"},{"@type":"ListItem","position":2,"name":"Politique d&#8217;exp\u00e9dition"}]},{"@type":"WebSite","@id":"https:\/\/sorton.fr\/#website","url":"https:\/\/sorton.fr\/","name":"SORTON","description":"Fabricant de Lamelles d'occulation Souples","potentialAction":[{"@type":"SearchAction","target":{"@type":"EntryPoint","urlTemplate":"https:\/\/sorton.fr\/?s={search_term_string}"},"query-input":{"@type":"PropertyValueSpecification","valueRequired":true,"valueName":"search_term_string"}}],"inLanguage":"en-US"}]}},"_links":{"self":[{"href":"https:\/\/sorton.fr\/en\/wp-json\/wp\/v2\/pages\/476","targetHints":{"allow":["GET"]}}],"collection":[{"href":"https:\/\/sorton.fr\/en\/wp-json\/wp\/v2\/pages"}],"about":[{"href":"https:\/\/sorton.fr\/en\/wp-json\/wp\/v2\/types\/page"}],"author":[{"embeddable":true,"href":"https:\/\/sorton.fr\/en\/wp-json\/wp\/v2\/users\/2"}],"replies":[{"embeddable":true,"href":"https:\/\/sorton.fr\/en\/wp-json\/wp\/v2\/comments?post=476"}],"version-history":[{"count":0,"href":"https:\/\/sorton.fr\/en\/wp-json\/wp\/v2\/pages\/476\/revisions"}],"wp:attachment":[{"href":"https:\/\/sorton.fr\/en\/wp-json\/wp\/v2\/media?parent=476"}],"curies":[{"name":"wp","href":"https:\/\/api.w.org\/{rel}","templated":true}]}}