{"id":555,"date":"2023-07-12T19:45:01","date_gmt":"2023-07-12T19:45:01","guid":{"rendered":"https:\/\/sorton.fr\/?page_id=555"},"modified":"2024-05-10T15:13:22","modified_gmt":"2024-05-10T15:13:22","slug":"faq","status":"publish","type":"page","link":"https:\/\/sorton.fr\/en\/faq","title":{"rendered":"FAQ"},"content":{"rendered":"<div class=\"icon-box featured-box icon-box-top text-left\"  >\n\t\t\t\t<div class=\"icon-box-text last-reset\">\n\t\t\t\t\t\t\t\t\t\n\n<h4><span style=\"font-size: 120%;\">Peut-on poser ces bandes en diagonale sur un grillage simple torsion ? <\/span><\/h4>\n<p><span style=\"font-size: 110%;\">Nos clients montent les rubans dans le sens des aiguilles d&rsquo;une montre, horizontalement et en diagonale. Vous pouvez voir les effets dans nos galeries..<\/span><\/p>\n<h4><span style=\"font-size: 120%;\">Est ce que les clips sont adapt\u00e9s pour fixer le brise vue sur des tubes de 10mm de diam\u00e8tre ?<\/span><\/h4>\n<p>Non impossible sur des tubes de 10 mm de diam\u00e8tre m\u00eame 5 mm je ne pense pas , c est pr\u00e9vu pour des panneaux standards , mais c est possible en retournant le brise vue sur deux cm avec le c\u00f4t\u00e9 de jonction int\u00e9rieur, faire deux petits trous et mettre deux rivets je l ai fait \u00e7a tient bien !<\/p>\n<h4><span style=\"font-size: 120%;\">Est il obligatoire de poser une lame sur toute la hauteur du grillagepeux t&rsquo;on couvrir que la moiti\u00e9 basse (ou la moiti\u00e9 haute)?<br \/><\/span><\/h4>\n<p><span style=\"font-size: 110%;\">Oui je pense si le grillage est quadrill\u00e9 sur tout le panneau<\/span><\/p>\n<h4><span style=\"font-size: 120%;\">Pour les bandes vertes, les clips sont verts ou noirs ?<br \/><\/span><\/h4>\n<p><span style=\"font-size: 110%;\">Des clips noirs sont ajout\u00e9s aux bandes.<\/span><\/p>\n<h4><span style=\"font-size: 120%;\">J&rsquo;ai des espacements entre les tiges verticales du grillage de 46 mm, juste la largeur des bandes. Est ce que cela peut marcher ?<\/span><\/h4>\n<p><span style=\"font-size: 110%;\">Nos rubans ont une largeur de 46 mm, les clips ont une largeur de 45 mm. Le ruban devrait s&rsquo;adapter facilement \u00e0 votre cl\u00f4ture<\/span><\/p>\n\n\t\t<\/div>\n\t<\/div>","protected":false},"excerpt":{"rendered":"","protected":false},"author":1,"featured_media":0,"parent":0,"menu_order":0,"comment_status":"closed","ping_status":"closed","template":"","meta":{"footnotes":""},"class_list":["post-555","page","type-page","status-publish","hentry"],"yoast_head":"<!-- This site is optimized with the Yoast SEO plugin v27.3 - https:\/\/yoast.com\/product\/yoast-seo-wordpress\/ -->\n<title>FAQ - SORTON<\/title>\n<meta name=\"robots\" content=\"index, follow, max-snippet:-1, max-image-preview:large, max-video-preview:-1\" \/>\n<link rel=\"canonical\" href=\"https:\/\/sorton.fr\/en\/faq\/\" \/>\n<meta property=\"og:locale\" content=\"en_US\" \/>\n<meta property=\"og:type\" content=\"article\" \/>\n<meta property=\"og:title\" content=\"FAQ - SORTON\" \/>\n<meta property=\"og:url\" content=\"https:\/\/sorton.fr\/en\/faq\/\" \/>\n<meta property=\"og:site_name\" content=\"SORTON\" \/>\n<meta property=\"article:modified_time\" content=\"2024-05-10T15:13:22+00:00\" \/>\n<meta name=\"twitter:card\" content=\"summary_large_image\" \/>\n<meta name=\"twitter:label1\" content=\"Est. reading time\" \/>\n\t<meta name=\"twitter:data1\" content=\"2 minutes\" \/>\n<script type=\"application\/ld+json\" class=\"yoast-schema-graph\">{\"@context\":\"https:\\\/\\\/schema.org\",\"@graph\":[{\"@type\":\"WebPage\",\"@id\":\"https:\\\/\\\/sorton.fr\\\/faq\",\"url\":\"https:\\\/\\\/sorton.fr\\\/faq\",\"name\":\"FAQ - SORTON\",\"isPartOf\":{\"@id\":\"https:\\\/\\\/sorton.fr\\\/#website\"},\"datePublished\":\"2023-07-12T19:45:01+00:00\",\"dateModified\":\"2024-05-10T15:13:22+00:00\",\"breadcrumb\":{\"@id\":\"https:\\\/\\\/sorton.fr\\\/faq#breadcrumb\"},\"inLanguage\":\"en-US\",\"potentialAction\":[{\"@type\":\"ReadAction\",\"target\":[\"https:\\\/\\\/sorton.fr\\\/faq\"]}]},{\"@type\":\"BreadcrumbList\",\"@id\":\"https:\\\/\\\/sorton.fr\\\/faq#breadcrumb\",\"itemListElement\":[{\"@type\":\"ListItem\",\"position\":1,\"name\":\"Home\",\"item\":\"https:\\\/\\\/sorton.fr\\\/\"},{\"@type\":\"ListItem\",\"position\":2,\"name\":\"FAQ\"}]},{\"@type\":\"WebSite\",\"@id\":\"https:\\\/\\\/sorton.fr\\\/#website\",\"url\":\"https:\\\/\\\/sorton.fr\\\/\",\"name\":\"SORTON\",\"description\":\"Fabricant de Lamelles d'occulation Souples\",\"potentialAction\":[{\"@type\":\"SearchAction\",\"target\":{\"@type\":\"EntryPoint\",\"urlTemplate\":\"https:\\\/\\\/sorton.fr\\\/?s={search_term_string}\"},\"query-input\":{\"@type\":\"PropertyValueSpecification\",\"valueRequired\":true,\"valueName\":\"search_term_string\"}}],\"inLanguage\":\"en-US\"}]}<\/script>\n<!-- \/ Yoast SEO plugin. -->","yoast_head_json":{"title":"FAQ - SORTON","robots":{"index":"index","follow":"follow","max-snippet":"max-snippet:-1","max-image-preview":"max-image-preview:large","max-video-preview":"max-video-preview:-1"},"canonical":"https:\/\/sorton.fr\/en\/faq\/","og_locale":"en_US","og_type":"article","og_title":"FAQ - SORTON","og_url":"https:\/\/sorton.fr\/en\/faq\/","og_site_name":"SORTON","article_modified_time":"2024-05-10T15:13:22+00:00","twitter_card":"summary_large_image","twitter_misc":{"Est. reading time":"2 minutes"},"schema":{"@context":"https:\/\/schema.org","@graph":[{"@type":"WebPage","@id":"https:\/\/sorton.fr\/faq","url":"https:\/\/sorton.fr\/faq","name":"FAQ - SORTON","isPartOf":{"@id":"https:\/\/sorton.fr\/#website"},"datePublished":"2023-07-12T19:45:01+00:00","dateModified":"2024-05-10T15:13:22+00:00","breadcrumb":{"@id":"https:\/\/sorton.fr\/faq#breadcrumb"},"inLanguage":"en-US","potentialAction":[{"@type":"ReadAction","target":["https:\/\/sorton.fr\/faq"]}]},{"@type":"BreadcrumbList","@id":"https:\/\/sorton.fr\/faq#breadcrumb","itemListElement":[{"@type":"ListItem","position":1,"name":"Home","item":"https:\/\/sorton.fr\/"},{"@type":"ListItem","position":2,"name":"FAQ"}]},{"@type":"WebSite","@id":"https:\/\/sorton.fr\/#website","url":"https:\/\/sorton.fr\/","name":"SORTON","description":"Fabricant de Lamelles d'occulation Souples","potentialAction":[{"@type":"SearchAction","target":{"@type":"EntryPoint","urlTemplate":"https:\/\/sorton.fr\/?s={search_term_string}"},"query-input":{"@type":"PropertyValueSpecification","valueRequired":true,"valueName":"search_term_string"}}],"inLanguage":"en-US"}]}},"_links":{"self":[{"href":"https:\/\/sorton.fr\/en\/wp-json\/wp\/v2\/pages\/555","targetHints":{"allow":["GET"]}}],"collection":[{"href":"https:\/\/sorton.fr\/en\/wp-json\/wp\/v2\/pages"}],"about":[{"href":"https:\/\/sorton.fr\/en\/wp-json\/wp\/v2\/types\/page"}],"author":[{"embeddable":true,"href":"https:\/\/sorton.fr\/en\/wp-json\/wp\/v2\/users\/1"}],"replies":[{"embeddable":true,"href":"https:\/\/sorton.fr\/en\/wp-json\/wp\/v2\/comments?post=555"}],"version-history":[{"count":3,"href":"https:\/\/sorton.fr\/en\/wp-json\/wp\/v2\/pages\/555\/revisions"}],"predecessor-version":[{"id":1670,"href":"https:\/\/sorton.fr\/en\/wp-json\/wp\/v2\/pages\/555\/revisions\/1670"}],"wp:attachment":[{"href":"https:\/\/sorton.fr\/en\/wp-json\/wp\/v2\/media?parent=555"}],"curies":[{"name":"wp","href":"https:\/\/api.w.org\/{rel}","templated":true}]}}