{"id":91,"date":"2013-08-11T19:06:15","date_gmt":"2013-08-11T19:06:15","guid":{"rendered":"http:\/\/localhost:8888\/test\/?page_id=520"},"modified":"2023-07-24T20:56:05","modified_gmt":"2023-07-24T20:56:05","slug":"about","status":"publish","type":"page","link":"https:\/\/sorton.fr\/en\/about","title":{"rendered":"About"},"content":{"rendered":"<div class=\"banner has-hover bg-glow has-parallax\" id=\"banner-364991015\">\n          <div class=\"banner-inner fill\">\n        <div class=\"banner-bg fill\" data-parallax=\"-3\" data-parallax-container=\".banner\" data-parallax-background>\n            <img decoding=\"async\" width=\"1024\" height=\"1024\" src=\"https:\/\/sorton.fr\/wp-content\/uploads\/2023\/07\/about-us.jpg\" class=\"bg attachment-original size-original\" alt=\"sorton\" \/>                        <div class=\"overlay\"><\/div>            \n                    <\/div>\n\t\t\n        <div class=\"banner-layers container\">\n            <div class=\"fill banner-link\"><\/div>            \n\n   <div id=\"text-box-1281757767\" class=\"text-box banner-layer x50 md-x50 lg-x50 y100 md-y100 lg-y100 res-text\">\n                                <div class=\"text-box-content text dark\">\n              \n              <div class=\"text-inner text-center\">\n                  \n\n<h2>A propos de nous<\/h2>\n<p>Nous sommes un fabricant et un distributeur de produits en plastique. En 2016, nous avons commenc\u00e9 \u00e0 fabriquer nos produits en plastique. Initialement des bordures de pelouse droites, notre gamme comprend d\u00e9sormais \u00e9galement des bandes de cl\u00f4ture pour une installation horizontale et verticale.<\/p>\n\n              <\/div>\n           <\/div>\n                            \n<style>\n#text-box-1281757767 {\n  width: 99%;\n}\n#text-box-1281757767 .text-box-content {\n  font-size: 100%;\n}\n<\/style>\n    <\/div>\n \n\n        <\/div>\n      <\/div>\n\n            \n<style>\n#banner-364991015 {\n  padding-top: 507px;\n}\n#banner-364991015 .overlay {\n  background-color: rgba(0, 0, 0, 0.401);\n}\n#banner-364991015 .banner-bg img {\n  object-position: 58% 13%;\n}\n<\/style>\n  <\/div>\n\n\n<div class=\"row\"  id=\"row-309332630\">\n\n\n\t<div id=\"col-1303725817\" class=\"col medium-4 small-12 large-4\"  >\n\t\t\t\t<div class=\"col-inner\"  >\n\t\t\t\n\t\t\t\n\n<h3 style=\"text-align: center;\">Nos objectifs<\/h3>\n<p>Contrairement aux id\u00e9es re\u00e7ues, le plastique n&rsquo;est pas forc\u00e9ment mauvais. Dans nos activit\u00e9s, nous attachons une grande importance \u00e0 la sensibilisation au fait que les produits fabriqu\u00e9s \u00e0 partir de plastiques recycl\u00e9s ne sont pas de qualit\u00e9 inf\u00e9rieure aux autres.<\/p>\n\n\t\t<\/div>\n\t\t\t\t\t<\/div>\n\n\t\n\n\t<div id=\"col-1660642827\" class=\"col medium-4 small-12 large-4\"  >\n\t\t\t\t<div class=\"col-inner\"  >\n\t\t\t\n\t\t\t\n\n<h3 style=\"text-align: center;\">Nos valeurs<\/h3>\n<p>La plupart de nos produits contiennent entre 30 et 100 % de mat\u00e9riaux recycl\u00e9s. Malgr\u00e9 la difficult\u00e9 du traitement, nous nous effor\u00e7ons de maintenir cette tendance.<\/p>\n\n\t\t<\/div>\n\t\t\t\t\t<\/div>\n\n\t\n\n\t<div id=\"col-1100535065\" class=\"col medium-4 small-12 large-4\"  >\n\t\t\t\t<div class=\"col-inner\"  >\n\t\t\t\n\t\t\t\n\n<div class=\"elementor-element elementor-element-c8e5abc elementor-widget elementor-widget-heading\" data-id=\"c8e5abc\" data-element_type=\"widget\" data-widget_type=\"heading.default\">\n<div class=\"elementor-widget-container\">\n<h3 class=\"elementor-heading-title elementor-size-default\" style=\"text-align: center;\">Notre qualit\u00e9<\/h3>\n<p class=\"elementor-heading-title elementor-size-default\">Depuis le d\u00e9but, nos produits ont \u00e9t\u00e9 test\u00e9s par des milliers de clients. Les excellents commentaires sur les portails de vente sont la meilleure preuve de la qualit\u00e9 de nos produits.<\/p>\n<\/div>\n<\/div>\n\n\t\t<\/div>\n\t\t\t\t\t<\/div>\n\n\t\n\n<\/div>","protected":false},"excerpt":{"rendered":"","protected":false},"author":1,"featured_media":0,"parent":0,"menu_order":0,"comment_status":"closed","ping_status":"closed","template":"page-transparent-header-light.php","meta":{"footnotes":""},"class_list":["post-91","page","type-page","status-publish","hentry"],"yoast_head":"<!-- This site is optimized with the Yoast SEO plugin v27.5 - https:\/\/yoast.com\/product\/yoast-seo-wordpress\/ -->\n<title>About - SORTON<\/title>\n<meta name=\"robots\" content=\"index, follow, max-snippet:-1, max-image-preview:large, max-video-preview:-1\" \/>\n<link rel=\"canonical\" href=\"https:\/\/sorton.fr\/en\/about\/\" \/>\n<meta property=\"og:locale\" content=\"en_US\" \/>\n<meta property=\"og:type\" content=\"article\" \/>\n<meta property=\"og:title\" content=\"About - SORTON\" \/>\n<meta property=\"og:url\" content=\"https:\/\/sorton.fr\/en\/about\/\" \/>\n<meta property=\"og:site_name\" content=\"SORTON\" \/>\n<meta property=\"article:modified_time\" content=\"2023-07-24T20:56:05+00:00\" \/>\n<meta property=\"og:image\" content=\"https:\/\/sorton.fr\/wp-content\/uploads\/2016\/08\/dummy-1-1.jpg\" \/>\n\t<meta property=\"og:image:width\" content=\"400\" \/>\n\t<meta property=\"og:image:height\" content=\"260\" \/>\n\t<meta property=\"og:image:type\" content=\"image\/jpeg\" \/>\n<meta name=\"twitter:card\" content=\"summary_large_image\" \/>\n<meta name=\"twitter:label1\" content=\"Est. reading time\" \/>\n\t<meta name=\"twitter:data1\" content=\"2 minutes\" \/>\n<script type=\"application\/ld+json\" class=\"yoast-schema-graph\">{\"@context\":\"https:\\\/\\\/schema.org\",\"@graph\":[{\"@type\":\"WebPage\",\"@id\":\"https:\\\/\\\/sorton.fr\\\/about\",\"url\":\"https:\\\/\\\/sorton.fr\\\/about\",\"name\":\"About - SORTON\",\"isPartOf\":{\"@id\":\"https:\\\/\\\/sorton.fr\\\/#website\"},\"datePublished\":\"2013-08-11T19:06:15+00:00\",\"dateModified\":\"2023-07-24T20:56:05+00:00\",\"breadcrumb\":{\"@id\":\"https:\\\/\\\/sorton.fr\\\/about#breadcrumb\"},\"inLanguage\":\"en-US\",\"potentialAction\":[{\"@type\":\"ReadAction\",\"target\":[\"https:\\\/\\\/sorton.fr\\\/about\"]}]},{\"@type\":\"BreadcrumbList\",\"@id\":\"https:\\\/\\\/sorton.fr\\\/about#breadcrumb\",\"itemListElement\":[{\"@type\":\"ListItem\",\"position\":1,\"name\":\"Home\",\"item\":\"https:\\\/\\\/sorton.fr\\\/\"},{\"@type\":\"ListItem\",\"position\":2,\"name\":\"About\"}]},{\"@type\":\"WebSite\",\"@id\":\"https:\\\/\\\/sorton.fr\\\/#website\",\"url\":\"https:\\\/\\\/sorton.fr\\\/\",\"name\":\"SORTON\",\"description\":\"Fabricant de Lamelles d'occulation Souples\",\"potentialAction\":[{\"@type\":\"SearchAction\",\"target\":{\"@type\":\"EntryPoint\",\"urlTemplate\":\"https:\\\/\\\/sorton.fr\\\/?s={search_term_string}\"},\"query-input\":{\"@type\":\"PropertyValueSpecification\",\"valueRequired\":true,\"valueName\":\"search_term_string\"}}],\"inLanguage\":\"en-US\"}]}<\/script>\n<!-- \/ Yoast SEO plugin. -->","yoast_head_json":{"title":"About - SORTON","robots":{"index":"index","follow":"follow","max-snippet":"max-snippet:-1","max-image-preview":"max-image-preview:large","max-video-preview":"max-video-preview:-1"},"canonical":"https:\/\/sorton.fr\/en\/about\/","og_locale":"en_US","og_type":"article","og_title":"About - SORTON","og_url":"https:\/\/sorton.fr\/en\/about\/","og_site_name":"SORTON","article_modified_time":"2023-07-24T20:56:05+00:00","og_image":[{"width":400,"height":260,"url":"https:\/\/sorton.fr\/wp-content\/uploads\/2016\/08\/dummy-1-1.jpg","type":"image\/jpeg"}],"twitter_card":"summary_large_image","twitter_misc":{"Est. reading time":"2 minutes"},"schema":{"@context":"https:\/\/schema.org","@graph":[{"@type":"WebPage","@id":"https:\/\/sorton.fr\/about","url":"https:\/\/sorton.fr\/about","name":"About - SORTON","isPartOf":{"@id":"https:\/\/sorton.fr\/#website"},"datePublished":"2013-08-11T19:06:15+00:00","dateModified":"2023-07-24T20:56:05+00:00","breadcrumb":{"@id":"https:\/\/sorton.fr\/about#breadcrumb"},"inLanguage":"en-US","potentialAction":[{"@type":"ReadAction","target":["https:\/\/sorton.fr\/about"]}]},{"@type":"BreadcrumbList","@id":"https:\/\/sorton.fr\/about#breadcrumb","itemListElement":[{"@type":"ListItem","position":1,"name":"Home","item":"https:\/\/sorton.fr\/"},{"@type":"ListItem","position":2,"name":"About"}]},{"@type":"WebSite","@id":"https:\/\/sorton.fr\/#website","url":"https:\/\/sorton.fr\/","name":"SORTON","description":"Fabricant de Lamelles d'occulation Souples","potentialAction":[{"@type":"SearchAction","target":{"@type":"EntryPoint","urlTemplate":"https:\/\/sorton.fr\/?s={search_term_string}"},"query-input":{"@type":"PropertyValueSpecification","valueRequired":true,"valueName":"search_term_string"}}],"inLanguage":"en-US"}]}},"_links":{"self":[{"href":"https:\/\/sorton.fr\/en\/wp-json\/wp\/v2\/pages\/91","targetHints":{"allow":["GET"]}}],"collection":[{"href":"https:\/\/sorton.fr\/en\/wp-json\/wp\/v2\/pages"}],"about":[{"href":"https:\/\/sorton.fr\/en\/wp-json\/wp\/v2\/types\/page"}],"author":[{"embeddable":true,"href":"https:\/\/sorton.fr\/en\/wp-json\/wp\/v2\/users\/1"}],"replies":[{"embeddable":true,"href":"https:\/\/sorton.fr\/en\/wp-json\/wp\/v2\/comments?post=91"}],"version-history":[{"count":0,"href":"https:\/\/sorton.fr\/en\/wp-json\/wp\/v2\/pages\/91\/revisions"}],"wp:attachment":[{"href":"https:\/\/sorton.fr\/en\/wp-json\/wp\/v2\/media?parent=91"}],"curies":[{"name":"wp","href":"https:\/\/api.w.org\/{rel}","templated":true}]}}