{"id":1576,"date":"2024-02-06T19:22:11","date_gmt":"2024-02-06T19:22:11","guid":{"rendered":"https:\/\/sorton.fr\/product\/barre-de-cloture-19cm-x-26m-panneau-de-cloture-cloture-anthracite-premium"},"modified":"2026-04-21T20:10:18","modified_gmt":"2026-04-21T20:10:18","slug":"barre-de-cloture-19cm-x-26m-panneau-de-cloture-cloture-anthracite-premium","status":"publish","type":"product","link":"https:\/\/sorton.fr\/en\/product\/barre-de-cloture-19cm-x-26m-panneau-de-cloture-cloture-anthracite-premium","title":{"rendered":"Brise-vue en PP 19cm x 26m PANNEAU DE CL\u00d4TURE cl\u00f4ture anthracite PREMIUM"},"content":{"rendered":"<section class=\"section\">\n<div class=\"item item-12\">\n<section class=\"text-item\">\n<h2>Bande de cl\u00f4ture en POLYPROPYLENE DUALSKIN PREMIUM SORTON\u00ae EN ROULEAU 19cm x 26mb. COUVERTURE DE CL\u00d4TURE. COULEUR ANTHRACITE.<\/h2>\n<\/section>\n<\/div>\n<\/section>\n<section class=\"section\">\n<div class=\"item item-12\">\n<section class=\"image-item\">\n            <img decoding=\"async\" src=\"https:\/\/upload.cdn.baselinker.com\/products\/20133\/9491656766faef2b8fcfc13fa4b434c6.png\" \/><br \/>\n        <\/section>\n<\/p>\n<\/div>\n<\/section>\n<section class=\"section\">\n<div class=\"item item-6\">\n<section class=\"image-item\">\n            <img decoding=\"async\" src=\"https:\/\/upload.cdn.baselinker.com\/products\/20133\/4fb2ccb5fb705460ea137d67fab9e664.jpg\" \/><br \/>\n        <\/section>\n<\/p>\n<\/div>\n<div class=\"item item-6\">\n<section class=\"text-item\">\n<h2>Sp\u00e9cification de la bande de cl\u00f4ture pour panneaux de cl\u00f4ture :<\/h2>\n<p>S\u00c9RIE DE PRODUCTION : <b>PREMIUM DUALSKIN DP<\/b><\/p>\n<p>Texture : <b>UNIQUE &#8211;<\/b><b> DIEMENT+PAINT<\/b><\/p>\n<p>Couleur<b>: ANTHRACITE &#8211; RAL 7016<\/b><\/p>\n<p>Poids : <b>800 g\/m<\/b><\/p>\n<p>Epaisseur :<b> 1.4 mm<\/b><\/p>\n<p>Mat\u00e9riau :<b> PP<\/b><\/p>\n<p>Clips :<b> 10 pcs. Gratis<\/b><\/p>\n<p><b>UNIQUE AU MONDE !<\/b><\/p>\n<\/section>\n<\/div>\n<\/section>\n<section class=\"section\">\n<div class=\"item item-12\">\n<section class=\"text-item\">\n<h2>SORTON\u00ae PREMIUM DUALSKIN POLYPROPYLENE ruban de cl\u00f4ture 19 cm x 26 mb &#8211; Epaisseur 1.4 [mm].<\/h2>\n<p>La bande de cl\u00f4ture moderne <b>SORTON\u00ae<\/b><b>DUALSKIN \u00e0 double texture <\/b>est une solution innovante qui permet de cr\u00e9er un syst\u00e8me de cl\u00f4ture esth\u00e9tique, unique et fonctionnel.<\/p>\n<p><b>SORTON\u00ae <\/b><b>DUALSKIN <\/b>est actuellement <b>le seul ruban sur le march\u00e9 avec deux textures<\/b> qui vous permettent de cr\u00e9er des compositions uniques et de choisir la texture ext\u00e9rieure ! <b>Nos rubans se caract\u00e9risent avant tout par une protection contre :<\/b><\/p>\n<p><b> \u2705 les rayons UV<\/b><\/p>\n<p><b> \u2705 les basses temp\u00e9ratures<\/b><\/p>\n<p><b> \u2705 l&rsquo;alt\u00e9ration des couleurs<\/b><\/p>\n<\/section>\n<\/div>\n<\/section>\n<section class=\"section\">\n<div class=\"item item-6\">\n<section class=\"image-item\">\n            <img decoding=\"async\" src=\"https:\/\/upload.cdn.baselinker.com\/products\/20133\/8893db239b496affdef11799c8c8a99c.png\" \/><br \/>\n        <\/section>\n<\/p>\n<\/div>\n<div class=\"item item-6\">\n<section class=\"text-item\">\n<h2>Les rubans en polypropyl\u00e8ne SORTON\u00ae PREMIUM DUALSKIN pr\u00e9sentent les avantages suivants :<\/h2>\n<p>\u2705 <b>Flexibilit\u00e9<\/b>: Ils sont plus flexibles, ce qui rend l&rsquo;installation plus facile et plus rapide.<\/p>\n<p><b>\u2705 R\u00e9sistance \u00e0 la fissuration<\/b>: Ils ne se cassent pas lorsqu&rsquo;ils sont pli\u00e9s et r\u00e9sistent aux dommages m\u00e9caniques, par exemple lors de travaux de jardinage.<\/p>\n<p><b>\u2705 R\u00e9sistance aux basses temp\u00e9ratures :<\/b> Meilleure r\u00e9sistance aux basses temp\u00e9ratures, ce qui \u00e9vite les fissures.<\/p>\n<p>***Poids : un rouleau de 19 cm x 26 mb p\u00e8se 4 kg.<\/p>\n<\/section>\n<\/div>\n<\/section>\n<section class=\"section\">\n<div class=\"item item-6\">\n<section class=\"image-item\">\n            <img decoding=\"async\" src=\"https:\/\/upload.cdn.baselinker.com\/products\/20133\/af1f3c6eee4d4dc81d4806a5a3c6c26a.png\" \/><br \/>\n        <\/section>\n<\/p>\n<\/div>\n<div class=\"item item-6\">\n<section class=\"text-item\">\n<h2>Avantages des rubans de la marque SORTON\u00ae :<\/h2>\n<p> \u2705Ruban en <b>POLYPROPYLENE<\/b>.<\/p>\n<p> Le ruban <b>SORTON\u00ae<\/b> est fabriqu\u00e9 \u00e0 l&rsquo;aide du syst\u00e8me <b>DUALSKIN<\/b>, le seul sur le march\u00e9 \u00e0 poss\u00e9der deux textures uniques.<\/p>\n<p> \u2705Le ruban ne <b>se d\u00e9colore pas au soleil gr\u00e2ce \u00e0 la stabilisation aux UV<\/b>.<\/p>\n<p> Le ruban ne <b>se d\u00e9forme pas sous l&rsquo;influence de la temp\u00e9rature<\/b>.<\/p>\n<p> Le ruban<b> ne n\u00e9cessite pas d&rsquo;entretien<\/b><\/p>\n<\/section>\n<\/div>\n<\/section>\n<section class=\"section\">\n<div class=\"item item-12\">\n<section class=\"text-item\">\n<h2>En choisissant le ruban de cl\u00f4ture SORTON\u00ae, vous \u00eates assur\u00e9 de recevoir un produit de qualit\u00e9 sup\u00e9rieure !<\/h2>\n<\/section>\n<\/div>\n<\/section>\n<section class=\"section\">\n<div class=\"item item-6\">\n<section class=\"image-item\">\n            <img decoding=\"async\" src=\"https:\/\/upload.cdn.baselinker.com\/products\/20133\/30c235a60bf188819dd0f34e590ec7dd.png\" \/><br \/>\n        <\/section>\n<\/p>\n<\/div>\n<div class=\"item item-6\">\n<section class=\"text-item\">\n<h2>SYST\u00c8ME DUALSKIN<\/h2>\n<p>Les rubans de cl\u00f4ture originaux de la marque <b>SORTON\u00ae<\/b> avec le syst\u00e8me <b>DUALSKIN <\/b>sont actuellement la seule solution sur le march\u00e9 offrant deux textures de mat\u00e9riaux sur un seul ruban. Nos rubans se caract\u00e9risent \u00e9galement par la plus haute qualit\u00e9 du produit !<\/p>\n<h2>Les bandes de panneaux avec le syst\u00e8me DUALSKIN comprennent :<\/h2>\n<p>\u2705<b>STABILISATEUR UV &#8211;<\/b> retarde le processus de vieillissement du mat\u00e9riau et emp\u00eache une d\u00e9gradation pr\u00e9coce. Permet une augmentation significative de la dur\u00e9e de vie de la bande de cl\u00f4ture de la marque <b>SORTON\u00ae<\/b>.<\/p>\n<p> \u2705COLOR<b>COVER <\/b>&#8211; est une teinture de haute qualit\u00e9 qui prot\u00e8ge le ruban de cl\u00f4ture de la d\u00e9coloration. <\/p>\n<p>\u2b55Choisissez<b>une solution qui a fait ses preuves !<\/b><\/p>\n<\/section>\n<\/div>\n<\/section>\n<section class=\"section\">\n<div class=\"item item-6\">\n<section class=\"image-item\">\n            <img decoding=\"async\" src=\"https:\/\/upload.cdn.baselinker.com\/products\/20133\/a02aa0642c731339e7b1e957433f8372.png\" \/><br \/>\n        <\/section>\n<\/p>\n<\/div>\n<div class=\"item item-6\">\n<section class=\"text-item\">\n<h2>SYST\u00c8ME DUALSKIN C\u00d4T\u00c9 DIAMANT<\/h2>\n<p><b>La structure de la<\/b> face<b>int\u00e9rieure<\/b> du ruban ressemble \u00e0 des diamants. Il s&rsquo;agit d&rsquo;un rev\u00eatement rigide, r\u00e9sistant et flexible. Chaque diamant de la structure a une pointe conique. Cette structure emp\u00eache la bande de se d\u00e9placer horizontalement d&rsquo;elle-m\u00eame.<\/p>\n<\/section>\n<\/div>\n<\/section>\n<section class=\"section\">\n<div class=\"item item-6\">\n<section class=\"image-item\">\n            <img decoding=\"async\" src=\"https:\/\/upload.cdn.baselinker.com\/products\/20133\/2480c58f331c85e412f9a40cab42c700.png\" \/><br \/>\n        <\/section>\n<\/p>\n<\/div>\n<div class=\"item item-6\">\n<section class=\"text-item\">\n<h2>DUALSKIN SYSTEM DIAMOND SIDE<\/h2>\n<p>La<b>structure de la <\/b>face<b>externe <\/b>de la bande ressemble \u00e0 une toile d&rsquo;araign\u00e9e. Il s&rsquo;agit d&rsquo;un rev\u00eatement rigide, r\u00e9sistant et flexible. Cette structure est douce au toucher et esth\u00e9tique.<\/p>\n<\/section>\n<\/div>\n<\/section>\n<section class=\"section\">\n<div class=\"item item-12\">\n<section class=\"text-item\">\n<h2>La sangle SORTON\u00ae PREMIUM DUALSKIN POLYPROPYLENE est actuellement disponible en RAL 7016, d&rsquo;autres couleurs seront introduites prochainement.<\/h2>\n<h2>INFORMATION IMPORTANTE :<\/h2>\n<p>Les couleurs des bandes de cl\u00f4ture <b>ORIGINAL<\/b> <b>SORTON\u00ae <\/b>sont s\u00e9lectionn\u00e9es selon le syst\u00e8me de <b>couleurs RAL<\/b>. Cela signifie que les couleurs des bandes sont s\u00e9lectionn\u00e9es selon la m\u00eame palette de couleurs que celle utilis\u00e9e pour la production des panneaux de cl\u00f4ture. L&rsquo;objectif est que la couleur de la bande soit aussi proche que possible de la couleur RAL <b>7016<\/b> du panneau de cl\u00f4ture.<\/p>\n<\/section>\n<\/div>\n<\/section>\n<section class=\"section\">\n<div class=\"item item-12\">\n<section class=\"text-item\">\n<h2>Un montage facile et agr\u00e9able<\/h2>\n<p>1. le ruban est tiss\u00e9 entre les barres<\/p>\n<p>Coupez l&rsquo;exc\u00e9dent de ruban aux deux extr\u00e9mit\u00e9s et fixez le clip de cl\u00f4ture. 3.<\/p>\n<p>3. le clip et le ruban sont attach\u00e9s \u00e0 la barre du panneau de cl\u00f4ture. <\/p>\n<\/section>\n<\/div>\n<\/section>\n<section class=\"section\">\n<div class=\"item item-6\">\n<section class=\"image-item\">\n            <img decoding=\"async\" src=\"https:\/\/upload.cdn.baselinker.com\/products\/20133\/a101e8af6f64a1aaec200ca5b7dfed7b.png\" \/><br \/>\n        <\/section>\n<\/p>\n<\/div>\n<div class=\"item item-6\">\n<section class=\"image-item\">\n            <img decoding=\"async\" src=\"https:\/\/upload.cdn.baselinker.com\/products\/20133\/e462018be8be7d99216e5f8ee58389ac.png\" \/><br \/>\n        <\/section>\n<\/p>\n<\/div>\n<\/section>\n<section class=\"section\">\n<div class=\"item item-6\">\n<section class=\"image-item\">\n            <img decoding=\"async\" src=\"https:\/\/upload.cdn.baselinker.com\/products\/20133\/471b5d22bad09c05742f3e7e1d543bc7.jpg\" \/><br \/>\n        <\/section>\n<\/p>\n<\/div>\n<div class=\"item item-6\">\n<section class=\"text-item\">\n<h2>Les rubans de cl\u00f4ture SORTON\u00ae offrent les avantages suivants :<\/h2>\n<p><b>\u2705 Protection de la vie priv\u00e9e :<\/b> Assurent la discr\u00e9tion, en vous prot\u00e9geant de la vue des passants ou des voisins. Id\u00e9al pour les jardins, les balcons et les terrasses.<\/p>\n<p>\u2705 <b>Haute r\u00e9sistance<\/b>: Fabriqu\u00e9es en polypropyl\u00e8ne avec des composants UV, ce qui augmente leur durabilit\u00e9 et prot\u00e8ge contre la d\u00e9coloration par le soleil.<\/p>\n<p>\u2705 <b>Isolation acoustique :<\/b> Ils r\u00e9duisent efficacement le bruit, augmentant le confort dans les zones o\u00f9 le niveau sonore est \u00e9lev\u00e9, comme les a\u00e9roports, les autoroutes et les rues.<\/p>\n<p>\u2705 <b>Haute fonctionnalit\u00e9 :<\/b> Ils fournissent de l&rsquo;ombre, prot\u00e8gent du vent, des feuilles et de la neige.<\/p>\n<p>\u2705 <b>Facilit\u00e9 de nettoyage<\/b>: Facile \u00e0 entretenir, ne n\u00e9cessitant qu&rsquo;un essuyage avec un chiffon humide, sans traitement d&rsquo;imperm\u00e9abilisation.<\/p>\n<\/section>\n<\/div>\n<\/section>\n<section class=\"section\">\n<div class=\"item item-6\">\n<section class=\"image-item\">\n            <img decoding=\"async\" src=\"https:\/\/upload.cdn.baselinker.com\/products\/20133\/9a8bff7f63fe92bfef66613978f5f1e7.png\" \/><br \/>\n        <\/section>\n<\/p>\n<\/div>\n<div class=\"item item-6\">\n<section class=\"text-item\">\n<h2>Les clips de fixation sont en option<\/h2>\n<p>Les rubans en polypropyl\u00e8ne<b>DUALSKIN&rsquo;<\/b> doivent leur poids \u00e9lev\u00e9<b>(800g\/m2<\/b>) et leur \u00e9paisseur de 1,4mm \u00e0 leur extraordinaire rigidit\u00e9 ! Les rubans adh\u00e8rent si fermement \u00e0 la cl\u00f4ture qu&rsquo;il n&rsquo;est pas n\u00e9cessaire d&rsquo;utiliser des clips de montage suppl\u00e9mentaires.<\/p>\n<p>L&rsquo;utilisation de clips permet toutefois d&rsquo;augmenter la stabilit\u00e9 du ruban lorsqu&rsquo;il est soumis \u00e0 un vent plus fort.<\/p>\n<p>En tant que fabricant, nous recommandons l&rsquo;utilisation des clips sp\u00e9ciaux &lsquo;SORTON-DP&rsquo;. Le montage des clips est tr\u00e8s simple : il suffit de glisser le clip sur la bande et, dans un deuxi\u00e8me temps, de fixer la bande avec le clip sur la trav\u00e9e de la palissade.<\/p>\n<p>Les clips &lsquo;SORTON-DP&rsquo; sont disponibles dans l&rsquo;option &lsquo;Acheter ensemble&rsquo; et dans les autres ventes aux ench\u00e8res de notre magasin.<\/p>\n<\/section>\n<\/div>\n<\/section>\n<section class=\"section\">\n<div class=\"item item-12\">\n<section class=\"text-item\">\n<h2>CALCULATEUR DE RUBAN DE CL\u00d4TURE SORTON <\/h2>\n<p>Suivez les \u00e9tapes ci-dessous :<\/p>\n<ol>\n<li>Mesurez vos panneaux de cl\u00f4ture [ mesurez la largeur et la hauteur].<\/li>\n<li>Faites un r\u00e9capitulatif du nombre de panneaux de cl\u00f4ture de m\u00eames dimensions.<\/li>\n<li>Calculez dans le tableau ci-dessous le nombre de rouleaux n\u00e9cessaires pour couvrir les panneaux de cl\u00f4ture selon les calculs obtenus au point no.2.<\/li>\n<\/ol>\n<p><b>TABLEAU DES L\u00c9GENDES<\/b><\/p>\n<ul>\n<li><b>A &#8211;<\/b> se r\u00e9f\u00e8re \u00e0 la taille d&rsquo;un panneau de cl\u00f4ture en 2D avec des mailles de 19 cm (sans nervures)<\/li>\n<li><b>B &#8211;<\/b> nombre de panneaux de cl\u00f4ture<\/li>\n<li><b>C &#8211;<\/b> nombre de rouleaux n\u00e9cessaires pour le rev\u00eatement de la cl\u00f4ture<\/li>\n<\/ul>\n<\/section>\n<\/div>\n<\/section>\n<section class=\"section\">\n<div class=\"item item-12\">\n<section class=\"image-item\">\n            <img decoding=\"async\" src=\"https:\/\/upload.cdn.baselinker.com\/products\/20133\/d617915d62c3295c69d4019b860ea5d1.png\" \/><br \/>\n        <\/section>\n<\/p>\n<\/div>\n<\/section>\n<section class=\"section\">\n<div class=\"item item-12\">\n<section class=\"text-item\">\n<h2>MONTAGE SIMPLE ET INTUITIF DU RUBAN DE CL\u00d4TURE EN 3 \u00c9TAPES<\/h2>\n<\/section>\n<\/div>\n<\/section>\n<section class=\"section\">\n<div class=\"item item-6\">\n<section class=\"image-item\">\n            <img decoding=\"async\" src=\"https:\/\/upload.cdn.baselinker.com\/products\/20133\/864b821539f7202befab755a8e868326.png\" \/><br \/>\n        <\/section>\n<\/p>\n<\/div>\n<div class=\"item item-6\">\n<section class=\"text-item\">\n<h2>\u00c9TAPE 1.<\/h2>\n<p>Entrelacez le ruban entre les barreaux ou les barri\u00e8res de la cl\u00f4ture.<\/p>\n<p>Nous recommandons d&rsquo;entrelacer le ruban toutes les 2 \u00e0 4 mailles de la cl\u00f4ture.<\/p>\n<p><b>( !) &#8211; Le ruban Premium 19cm est destin\u00e9 aux cl\u00f4tures dont l&rsquo;espacement des barreaux dans les mailles du panneau de cl\u00f4ture est de 19cm \u00e0 20cm.<\/b><\/p>\n<h2>\u00c9TAPE 2.<\/h2>\n<p>Une fois que le ruban a \u00e9t\u00e9 tiss\u00e9 \u00e0 travers la maille du panneau, coupez la partie superflue du ruban en laissant une marge d&rsquo;environ 2 cm aux deux extr\u00e9mit\u00e9s du ruban. <\/p>\n<p>Le montage sur les clips &lsquo;SORTON-DP&rsquo; n&rsquo;est pas n\u00e9cessaire pour l&rsquo;installation correcte de la bande premium. <b>Si vous avez l&rsquo;intention d&rsquo;installer la bande sans les clips, passez aux \u00e9tapes suivantes des instructions.<\/b><\/p>\n<h2>\u00c9TAPE 3.<\/h2>\n<p>Ins\u00e9rez les clips aux deux extr\u00e9mit\u00e9s du ruban, puis faites glisser le clip sur le fil \u00e0 c\u00f4t\u00e9 du poteau de cl\u00f4ture. <\/p>\n<p>(Une fois que vous connaissez la longueur exacte du ruban qui conviendra \u00e0 votre cl\u00f4ture, vous pouvez couper les bandes sur le sol et les glisser dans le panneau de cl\u00f4ture avec les clips. Cela acc\u00e9l\u00e9rera consid\u00e9rablement le travail ! <b>N&rsquo;oubliez pas de v\u00e9rifier la longueur exacte du ruban dont vous avez besoin. Des mesures incorrectes vous emp\u00eacheront de monter les clips correctement !<\/b><\/p>\n<\/section>\n<\/div>\n<\/section>\n<section class=\"section\">\n<div class=\"item item-12\">\n<section class=\"image-item\">\n            <img decoding=\"async\" src=\"https:\/\/upload.cdn.baselinker.com\/products\/20133\/9491656766faef2b8fcfc13fa4b434c6.png\" \/><br \/>\n        <\/section>\n<\/p>\n<\/div>\n<\/section>\n<section class=\"section\">\n<div class=\"item item-12\">\n<section class=\"text-item\">\n<\/section>\n<\/div>\n<\/section>\n","protected":false},"excerpt":{"rendered":"<p>Bande de cl\u00f4ture en POLYPROPYLENE DUALSKIN PREMIUM SORTON\u00ae EN ROULEAU 19cm x 26mb. COUVERTURE DE CL\u00d4TURE. COULEUR ANTHRACITE. Sp\u00e9cification de la bande de cl\u00f4ture pour panneaux de cl\u00f4ture : S\u00c9RIE DE PRODUCTION : PREMIUM DUALSKIN DP Texture : UNIQUE &#8211; DIEMENT+PAINT Couleur: ANTHRACITE &#8211; RAL 7016 Poids : 800 g\/m Epaisseur : 1.4 mm Mat\u00e9riau [&#8230;]\n","protected":false},"featured_media":1619,"comment_status":"open","ping_status":"closed","template":"","meta":[],"product_brand":[],"product_cat":[70],"product_tag":[],"class_list":{"0":"post-1576","1":"product","2":"type-product","3":"status-publish","4":"has-post-thumbnail","6":"product_cat-lattes-horizontales","8":"first","9":"instock","10":"featured","11":"shipping-taxable","12":"purchasable","13":"product-type-variable"},"yoast_head":"<!-- This site is optimized with the Yoast SEO plugin v27.4 - https:\/\/yoast.com\/product\/yoast-seo-wordpress\/ -->\n<title>Brise-vue en PP 19cm x 26m PANNEAU DE CL\u00d4TURE cl\u00f4ture anthracite PREMIUM - SORTON<\/title>\n<meta name=\"description\" content=\"D\u00e9couvrez la bande de cl\u00f4ture innovante SORTON\u00ae PREMIUM DUALSKIN 19cm x 26mb, couleur anthracite (RAL 7016). Fabriqu\u00e9e en polypropyl\u00e8ne \u00e9pais (1.4mm,\u2026\" \/>\n<meta name=\"robots\" content=\"index, follow, max-snippet:-1, max-image-preview:large, max-video-preview:-1\" \/>\n<link rel=\"canonical\" href=\"https:\/\/sorton.fr\/en\/product\/barre-de-cloture-19cm-x-26m-panneau-de-cloture-cloture-anthracite-premium\/\" \/>\n<meta property=\"og:locale\" content=\"en_US\" \/>\n<meta property=\"og:type\" content=\"article\" \/>\n<meta property=\"og:title\" content=\"Brise-vue en PP 19cm x 26m PANNEAU DE CL\u00d4TURE cl\u00f4ture anthracite PREMIUM - SORTON\" \/>\n<meta property=\"og:description\" content=\"D\u00e9couvrez la bande de cl\u00f4ture innovante SORTON\u00ae PREMIUM DUALSKIN 19cm x 26mb, couleur anthracite (RAL 7016). Fabriqu\u00e9e en polypropyl\u00e8ne \u00e9pais (1.4mm,\u2026\" \/>\n<meta property=\"og:url\" content=\"https:\/\/sorton.fr\/en\/product\/barre-de-cloture-19cm-x-26m-panneau-de-cloture-cloture-anthracite-premium\/\" \/>\n<meta property=\"og:site_name\" content=\"SORTON\" \/>\n<meta property=\"article:modified_time\" content=\"2026-04-21T20:10:18+00:00\" \/>\n<meta property=\"og:image\" content=\"https:\/\/sorton.fr\/wp-content\/uploads\/2024\/02\/PP-SOR-DP-192601C-1.jpg\" \/>\n\t<meta property=\"og:image:width\" content=\"2000\" \/>\n\t<meta property=\"og:image:height\" content=\"2000\" \/>\n\t<meta property=\"og:image:type\" content=\"image\/jpeg\" \/>\n<meta name=\"twitter:card\" content=\"summary_large_image\" \/>\n<meta name=\"twitter:label1\" content=\"Est. reading time\" \/>\n\t<meta name=\"twitter:data1\" content=\"10 minutes\" \/>\n<script type=\"application\/ld+json\" class=\"yoast-schema-graph\">{\"@context\":\"https:\\\/\\\/schema.org\",\"@graph\":[{\"@type\":\"WebPage\",\"@id\":\"https:\\\/\\\/sorton.fr\\\/product\\\/barre-de-cloture-19cm-x-26m-panneau-de-cloture-cloture-anthracite-premium\",\"url\":\"https:\\\/\\\/sorton.fr\\\/product\\\/barre-de-cloture-19cm-x-26m-panneau-de-cloture-cloture-anthracite-premium\",\"name\":\"Brise-vue en PP 19cm x 26m PANNEAU DE CL\u00d4TURE cl\u00f4ture anthracite PREMIUM - SORTON\",\"isPartOf\":{\"@id\":\"https:\\\/\\\/sorton.fr\\\/#website\"},\"primaryImageOfPage\":{\"@id\":\"https:\\\/\\\/sorton.fr\\\/product\\\/barre-de-cloture-19cm-x-26m-panneau-de-cloture-cloture-anthracite-premium#primaryimage\"},\"image\":{\"@id\":\"https:\\\/\\\/sorton.fr\\\/product\\\/barre-de-cloture-19cm-x-26m-panneau-de-cloture-cloture-anthracite-premium#primaryimage\"},\"thumbnailUrl\":\"https:\\\/\\\/sorton.fr\\\/wp-content\\\/uploads\\\/2024\\\/02\\\/PP-SOR-DP-192601C-1.jpg\",\"datePublished\":\"2024-02-06T19:22:11+00:00\",\"dateModified\":\"2026-04-21T20:10:18+00:00\",\"description\":\"D\u00e9couvrez la bande de cl\u00f4ture innovante SORTON\u00ae PREMIUM DUALSKIN 19cm x 26mb, couleur anthracite (RAL 7016). Fabriqu\u00e9e en polypropyl\u00e8ne \u00e9pais (1.4mm,\u2026\",\"breadcrumb\":{\"@id\":\"https:\\\/\\\/sorton.fr\\\/product\\\/barre-de-cloture-19cm-x-26m-panneau-de-cloture-cloture-anthracite-premium#breadcrumb\"},\"inLanguage\":\"en-US\",\"potentialAction\":[{\"@type\":\"ReadAction\",\"target\":[\"https:\\\/\\\/sorton.fr\\\/product\\\/barre-de-cloture-19cm-x-26m-panneau-de-cloture-cloture-anthracite-premium\"]}]},{\"@type\":\"ImageObject\",\"inLanguage\":\"en-US\",\"@id\":\"https:\\\/\\\/sorton.fr\\\/product\\\/barre-de-cloture-19cm-x-26m-panneau-de-cloture-cloture-anthracite-premium#primaryimage\",\"url\":\"https:\\\/\\\/sorton.fr\\\/wp-content\\\/uploads\\\/2024\\\/02\\\/PP-SOR-DP-192601C-1.jpg\",\"contentUrl\":\"https:\\\/\\\/sorton.fr\\\/wp-content\\\/uploads\\\/2024\\\/02\\\/PP-SOR-DP-192601C-1.jpg\",\"width\":2000,\"height\":2000,\"caption\":\"Brise Vue pour cloture 19 cm x 26 m\"},{\"@type\":\"BreadcrumbList\",\"@id\":\"https:\\\/\\\/sorton.fr\\\/product\\\/barre-de-cloture-19cm-x-26m-panneau-de-cloture-cloture-anthracite-premium#breadcrumb\",\"itemListElement\":[{\"@type\":\"ListItem\",\"position\":1,\"name\":\"Home\",\"item\":\"https:\\\/\\\/sorton.fr\\\/\"},{\"@type\":\"ListItem\",\"position\":2,\"name\":\"Magasin\",\"item\":\"https:\\\/\\\/sorton.fr\\\/magasin\"},{\"@type\":\"ListItem\",\"position\":3,\"name\":\"Brise-vue en PP 19cm x 26m PANNEAU DE CL\u00d4TURE cl\u00f4ture anthracite PREMIUM\"}]},{\"@type\":\"WebSite\",\"@id\":\"https:\\\/\\\/sorton.fr\\\/#website\",\"url\":\"https:\\\/\\\/sorton.fr\\\/\",\"name\":\"SORTON\",\"description\":\"Fabricant de Lamelles d'occulation Souples\",\"potentialAction\":[{\"@type\":\"SearchAction\",\"target\":{\"@type\":\"EntryPoint\",\"urlTemplate\":\"https:\\\/\\\/sorton.fr\\\/?s={search_term_string}\"},\"query-input\":{\"@type\":\"PropertyValueSpecification\",\"valueRequired\":true,\"valueName\":\"search_term_string\"}}],\"inLanguage\":\"en-US\"}]}<\/script>\n<!-- \/ Yoast SEO plugin. -->","yoast_head_json":{"title":"Brise-vue en PP 19cm x 26m PANNEAU DE CL\u00d4TURE cl\u00f4ture anthracite PREMIUM - SORTON","description":"D\u00e9couvrez la bande de cl\u00f4ture innovante SORTON\u00ae PREMIUM DUALSKIN 19cm x 26mb, couleur anthracite (RAL 7016). Fabriqu\u00e9e en polypropyl\u00e8ne \u00e9pais (1.4mm,\u2026","robots":{"index":"index","follow":"follow","max-snippet":"max-snippet:-1","max-image-preview":"max-image-preview:large","max-video-preview":"max-video-preview:-1"},"canonical":"https:\/\/sorton.fr\/en\/product\/barre-de-cloture-19cm-x-26m-panneau-de-cloture-cloture-anthracite-premium\/","og_locale":"en_US","og_type":"article","og_title":"Brise-vue en PP 19cm x 26m PANNEAU DE CL\u00d4TURE cl\u00f4ture anthracite PREMIUM - SORTON","og_description":"D\u00e9couvrez la bande de cl\u00f4ture innovante SORTON\u00ae PREMIUM DUALSKIN 19cm x 26mb, couleur anthracite (RAL 7016). Fabriqu\u00e9e en polypropyl\u00e8ne \u00e9pais (1.4mm,\u2026","og_url":"https:\/\/sorton.fr\/en\/product\/barre-de-cloture-19cm-x-26m-panneau-de-cloture-cloture-anthracite-premium\/","og_site_name":"SORTON","article_modified_time":"2026-04-21T20:10:18+00:00","og_image":[{"width":2000,"height":2000,"url":"https:\/\/sorton.fr\/wp-content\/uploads\/2024\/02\/PP-SOR-DP-192601C-1.jpg","type":"image\/jpeg"}],"twitter_card":"summary_large_image","twitter_misc":{"Est. reading time":"10 minutes"},"schema":{"@context":"https:\/\/schema.org","@graph":[{"@type":"WebPage","@id":"https:\/\/sorton.fr\/product\/barre-de-cloture-19cm-x-26m-panneau-de-cloture-cloture-anthracite-premium","url":"https:\/\/sorton.fr\/product\/barre-de-cloture-19cm-x-26m-panneau-de-cloture-cloture-anthracite-premium","name":"Brise-vue en PP 19cm x 26m PANNEAU DE CL\u00d4TURE cl\u00f4ture anthracite PREMIUM - SORTON","isPartOf":{"@id":"https:\/\/sorton.fr\/#website"},"primaryImageOfPage":{"@id":"https:\/\/sorton.fr\/product\/barre-de-cloture-19cm-x-26m-panneau-de-cloture-cloture-anthracite-premium#primaryimage"},"image":{"@id":"https:\/\/sorton.fr\/product\/barre-de-cloture-19cm-x-26m-panneau-de-cloture-cloture-anthracite-premium#primaryimage"},"thumbnailUrl":"https:\/\/sorton.fr\/wp-content\/uploads\/2024\/02\/PP-SOR-DP-192601C-1.jpg","datePublished":"2024-02-06T19:22:11+00:00","dateModified":"2026-04-21T20:10:18+00:00","description":"D\u00e9couvrez la bande de cl\u00f4ture innovante SORTON\u00ae PREMIUM DUALSKIN 19cm x 26mb, couleur anthracite (RAL 7016). Fabriqu\u00e9e en polypropyl\u00e8ne \u00e9pais (1.4mm,\u2026","breadcrumb":{"@id":"https:\/\/sorton.fr\/product\/barre-de-cloture-19cm-x-26m-panneau-de-cloture-cloture-anthracite-premium#breadcrumb"},"inLanguage":"en-US","potentialAction":[{"@type":"ReadAction","target":["https:\/\/sorton.fr\/product\/barre-de-cloture-19cm-x-26m-panneau-de-cloture-cloture-anthracite-premium"]}]},{"@type":"ImageObject","inLanguage":"en-US","@id":"https:\/\/sorton.fr\/product\/barre-de-cloture-19cm-x-26m-panneau-de-cloture-cloture-anthracite-premium#primaryimage","url":"https:\/\/sorton.fr\/wp-content\/uploads\/2024\/02\/PP-SOR-DP-192601C-1.jpg","contentUrl":"https:\/\/sorton.fr\/wp-content\/uploads\/2024\/02\/PP-SOR-DP-192601C-1.jpg","width":2000,"height":2000,"caption":"Brise Vue pour cloture 19 cm x 26 m"},{"@type":"BreadcrumbList","@id":"https:\/\/sorton.fr\/product\/barre-de-cloture-19cm-x-26m-panneau-de-cloture-cloture-anthracite-premium#breadcrumb","itemListElement":[{"@type":"ListItem","position":1,"name":"Home","item":"https:\/\/sorton.fr\/"},{"@type":"ListItem","position":2,"name":"Magasin","item":"https:\/\/sorton.fr\/magasin"},{"@type":"ListItem","position":3,"name":"Brise-vue en PP 19cm x 26m PANNEAU DE CL\u00d4TURE cl\u00f4ture anthracite PREMIUM"}]},{"@type":"WebSite","@id":"https:\/\/sorton.fr\/#website","url":"https:\/\/sorton.fr\/","name":"SORTON","description":"Fabricant de Lamelles d'occulation Souples","potentialAction":[{"@type":"SearchAction","target":{"@type":"EntryPoint","urlTemplate":"https:\/\/sorton.fr\/?s={search_term_string}"},"query-input":{"@type":"PropertyValueSpecification","valueRequired":true,"valueName":"search_term_string"}}],"inLanguage":"en-US"}]}},"_links":{"self":[{"href":"https:\/\/sorton.fr\/en\/wp-json\/wp\/v2\/product\/1576","targetHints":{"allow":["GET"]}}],"collection":[{"href":"https:\/\/sorton.fr\/en\/wp-json\/wp\/v2\/product"}],"about":[{"href":"https:\/\/sorton.fr\/en\/wp-json\/wp\/v2\/types\/product"}],"replies":[{"embeddable":true,"href":"https:\/\/sorton.fr\/en\/wp-json\/wp\/v2\/comments?post=1576"}],"wp:featuredmedia":[{"embeddable":true,"href":"https:\/\/sorton.fr\/en\/wp-json\/wp\/v2\/media\/1619"}],"wp:attachment":[{"href":"https:\/\/sorton.fr\/en\/wp-json\/wp\/v2\/media?parent=1576"}],"wp:term":[{"taxonomy":"product_brand","embeddable":true,"href":"https:\/\/sorton.fr\/en\/wp-json\/wp\/v2\/product_brand?post=1576"},{"taxonomy":"product_cat","embeddable":true,"href":"https:\/\/sorton.fr\/en\/wp-json\/wp\/v2\/product_cat?post=1576"},{"taxonomy":"product_tag","embeddable":true,"href":"https:\/\/sorton.fr\/en\/wp-json\/wp\/v2\/product_tag?post=1576"}],"curies":[{"name":"wp","href":"https:\/\/api.w.org\/{rel}","templated":true}]}}