{"id":1890,"date":"2025-06-22T11:52:10","date_gmt":"2025-06-22T11:52:10","guid":{"rendered":"https:\/\/sorton.fr\/product\/bande-de-cloture-premium-pour-panneaux-19cm-x-26m-orange-skin"},"modified":"2026-03-18T15:31:32","modified_gmt":"2026-03-18T15:31:32","slug":"bande-de-cloture-premium-pour-panneaux-19cm-x-26m-orange-skin","status":"publish","type":"product","link":"https:\/\/sorton.fr\/en\/product\/bande-de-cloture-premium-pour-panneaux-19cm-x-26m-orange-skin","title":{"rendered":"Bande de Cl\u00f4ture Premium pour Panneaux 19cm x 26m Orange Skin"},"content":{"rendered":"<section class=\"section\">\n<div class=\"item item-12\">\n<section class=\"text-item\">\n<h1>BANDE DE CL\u00d4TURE SORTON\u00ae ORANGE SKIN PREMIUM EN POLYPROPYL\u00c8NE EN ROULEAU 19cm x 26m. \u00c9CRAN DE CL\u00d4TURE. COULEUR ANTHRACITE.<\/h1>\n<\/section><\/div>\n<\/section>\n<section class=\"section\">\n<div class=\"item item-12\">\n<section class=\"image-item\">\n            <img decoding=\"async\" src=\"https:\/\/upload.cdn.baselinker.com\/products\/20133\/bad90d8be86b481099fa089e58650b3f.png\"><br \/>\n        <\/section>\n<\/p><\/div>\n<\/section>\n<section class=\"section\">\n<div class=\"item item-6\">\n<section class=\"image-item\">\n            <img decoding=\"async\" src=\"https:\/\/upload.cdn.baselinker.com\/products\/20133\/fd94fc8e75a43a7ad635a4c17e8ff39e.png\"><br \/>\n        <\/section>\n<\/p><\/div>\n<div class=\"item item-6\">\n<section class=\"text-item\">\n<h2>BANDE DE CL\u00d4TURE SORTON\u00ae ORANGE SKIN POLYPROPYL\u00c8NE 19 cm x 26 m<\/h2>\n<p>La bande de cl\u00f4ture moderne <b>SORTON<\/b><b>\u00ae avec texture ORANGE SKIN <\/b>est une solution innovante qui nous permet de cr\u00e9er un syst\u00e8me de cl\u00f4ture esth\u00e9tique, unique et fonctionnel.<\/p>\n<p>La bande <b>SORTON<\/b><b>\u00ae ORANGE SKIN<\/b><b> <\/b>est le mod\u00e8le de bande avec la plus longue histoire dans notre assortiment. <b>Nos bandes se caract\u00e9risent avant tout par :<\/b><\/p>\n<ul>\n<li><b>des composants anti-UV dans le mat\u00e9riau<\/b><\/li>\n<li><b>une r\u00e9sistance aux basses temp\u00e9ratures<\/b><\/li>\n<li><b>une durabilit\u00e9 des couleurs<\/b><\/li>\n<\/ul>\n<p>La bande est con\u00e7ue pour \u00eatre mont\u00e9e sur des panneaux de cl\u00f4ture avec un espacement de maille de 20 x 5 cm. Gr\u00e2ce \u00e0 la bande de cl\u00f4ture <b>SORTON<\/b><b>\u00ae ORANGE SKIN<\/b>, vous obtiendrez :<\/p>\n<ul>\n<li>Un sentiment d&rsquo;intimit\u00e9<\/li>\n<li>Une protection contre le vent<\/li>\n<li>La protection de la vie priv\u00e9e sur votre propri\u00e9t\u00e9<\/li>\n<\/ul>\n<h2>Sp\u00e9cifications de la bande pour panneaux de cl\u00f4ture :<\/h2>\n<p>Gamme de produits : <b>ORANGE SKIN BASIC<\/b><\/p>\n<p>Texture : <b>ORANGE SKIN<\/b><\/p>\n<p>Couleur<b> : ANTHRACITE &#8211; RAL 7016<\/b><\/p>\n<p>Grammage : <b>800 g\/m\u00b2<\/b><\/p>\n<p>\u00c9paisseur de la bande<b> : 0,90 mm<\/b><\/p>\n<p>Mat\u00e9riau de fabrication<b> : PP<\/b><\/p>\n<p>Clips :<b> Non inclus &#8211; peuvent \u00eatre achet\u00e9s s\u00e9par\u00e9ment ou en kit<\/b><\/p>\n<\/section><\/div>\n<\/section>\n<section class=\"section\">\n<div class=\"item item-6\">\n<section class=\"image-item\">\n            <img decoding=\"async\" src=\"https:\/\/upload.cdn.baselinker.com\/products\/20133\/ff208a1d183cd36447dd8435fde09eb3.jpg\"><br \/>\n        <\/section>\n<\/p><\/div>\n<div class=\"item item-6\">\n<section class=\"text-item\">\n<h2>Qu&rsquo;est-ce qui distingue la bande SORTON\u00ae ORANGE SKIN PREMIUM POLYPROPYL\u00c8NE des autres bandes ?<\/h2>\n<h2>Avantages de la bande SORTON\u00ae en POLYPROPYL\u00c8NE :<\/h2>\n<ul>\n<li><b>FLEXIBILIT\u00c9 :<\/b> les bandes en <b>POLYPROPYL\u00c8NE<\/b> sont beaucoup plus flexibles, ce qui facilite et acc\u00e9l\u00e8re l&rsquo;installation. <\/li>\n<li><b>FISSURES :<\/b> les bandes en <b>POLYPROPYL\u00c8NE<\/b> ne se fissurent pas lorsqu&rsquo;elles sont pli\u00e9es. Les bandes en polypropyl\u00e8ne se caract\u00e9risent par une haute r\u00e9sistance aux dommages m\u00e9caniques qui peuvent survenir lors des travaux de jardinage, des jeux de ballon ou d&rsquo;autres activit\u00e9s dans le jardin. <\/li>\n<li><b>R\u00c9SISTANCE AUX TEMP\u00c9RATURES<\/b> &#8211; les bandes en <b>POLYPROPYL\u00c8NE<\/b> sont plus r\u00e9sistantes aux basses temp\u00e9ratures, ce qui les rend beaucoup plus flexibles et elles se fissurent rarement. <\/li>\n<\/ul>\n<h2>Sp\u00e9cifications de la bande pour panneaux SORTON\u00ae ORANGE SKIN PREMIUM &#8211; POLYPROPYL\u00c8NE :<\/h2>\n<ul>\n<li><b>largeur :<\/b> 190 mm \/ 19 cm<\/li>\n<li><b>longueur :<\/b> 26 m<\/li>\n<li><b>\u00e9paisseur : <\/b>0,9 mm<\/li>\n<li><b>installation :<\/b> \u00e0 l&rsquo;aide de clips<b> SORTON\u00ae <\/b><\/li>\n<\/ul>\n<\/section><\/div>\n<\/section>\n<section class=\"section\">\n<div class=\"item item-6\">\n<section class=\"image-item\">\n            <img decoding=\"async\" src=\"https:\/\/upload.cdn.baselinker.com\/products\/20133\/45e226868fa8679909674b8c07b2539d.png\"><br \/>\n        <\/section>\n<\/p><\/div>\n<div class=\"item item-6\">\n<section class=\"text-item\">\n<h2>Avantages de la bande SORTON\u00ae :<\/h2>\n<ul>\n<li>Bande fabriqu\u00e9e en <b>POLYPROPYL\u00c8NE<\/b><\/li>\n<li>La bande <b>SORTON\u00ae<\/b> a \u00e9t\u00e9 fabriqu\u00e9e selon le syst\u00e8me <b>ORANGE SKIN PREMIUM<\/b>, et ses premi\u00e8res versions sont apparues sur le march\u00e9 il y a plus de 5 ans.<\/li>\n<li>La bande <b>ne se d\u00e9colore pas au soleil gr\u00e2ce \u00e0 la stabilisation UV<\/b><\/li>\n<li>La bande <b>ne se d\u00e9forme pas sous l&rsquo;influence des temp\u00e9ratures<\/b><\/li>\n<li>La bande <b>ne n\u00e9cessite pas d&rsquo;entretien<\/b><\/li>\n<\/ul>\n<\/section><\/div>\n<\/section>\n<section class=\"section\">\n<div class=\"item item-12\">\n<section class=\"text-item\">\n<h2>En choisissant les bandes de cl\u00f4ture de la marque SORTON\u00ae, vous avez la garantie d&rsquo;un produit de la plus haute qualit\u00e9 !<\/h2>\n<\/section><\/div>\n<\/section>\n<section class=\"section\">\n<div class=\"item item-6\">\n<section class=\"image-item\">\n            <img decoding=\"async\" src=\"https:\/\/upload.cdn.baselinker.com\/products\/20133\/bd1135f7fc0e1593487bfa9b332604bf.jpg\"><br \/>\n        <\/section>\n<\/p><\/div>\n<div class=\"item item-6\">\n<section class=\"image-item\">\n            <img decoding=\"async\" src=\"https:\/\/upload.cdn.baselinker.com\/products\/20133\/0c97e00a5c9dcc66c74724da05c5b80d.jpg\"><br \/>\n        <\/section>\n<\/p><\/div>\n<\/section>\n<section class=\"section\">\n<div class=\"item item-12\">\n<section class=\"text-item\">\n<h2>Nous proposons actuellement les bandes SORTON\u00ae ORANGE SKIN PREMIUM EN POLYPROPYL\u00c8NE en couleur RAL 7016. D&rsquo;autres couleurs seront bient\u00f4t introduites.<\/h2>\n<h2>INFORMATION IMPORTANTE :<\/h2>\n<p>Les couleurs des bandes de cl\u00f4ture <b>ORIGINALES<\/b> <b>SORTON\u00ae <\/b>sont choisies selon le syst\u00e8me de <b>couleurs RAL<\/b>. Cela signifie que la couleur des bandes est choisie selon la m\u00eame palette de couleurs que celle utilis\u00e9e pour la production des cl\u00f4tures en panneaux. Nous nous effor\u00e7ons de faire en sorte que la couleur de la bande en <b>RAL 7016<\/b> soit aussi proche que possible de la couleur du panneau de cl\u00f4ture en <b>RAL 7016<\/b>.<\/p>\n<\/section><\/div>\n<\/section>\n<section class=\"section\">\n<div class=\"item item-6\">\n<section class=\"image-item\">\n            <img decoding=\"async\" src=\"https:\/\/upload.cdn.baselinker.com\/products\/20133\/8d7f79f2b2ec7d5a8f51690eeb8e1db9.jpg\"><br \/>\n        <\/section>\n<\/p><\/div>\n<div class=\"item item-6\">\n<section class=\"text-item\">\n<h2>Les bandes de cl\u00f4ture assurent :<\/h2>\n<ul>\n<li><b>Protection de la vie priv\u00e9e<\/b> &#8211; elles vous permettront de donner un nouveau look \u00e0 votre propri\u00e9t\u00e9. Fix\u00e9es sur le panneau de cl\u00f4ture, elles <b>augmentent la discr\u00e9tion et le sentiment d&rsquo;intimit\u00e9<\/b> dans votre jardin. Elles peuvent \u00eatre install\u00e9es dans le jardin, sur le balcon ou sur la terrasse. Gr\u00e2ce aux bandes de cl\u00f4ture, vous pouvez vous prot\u00e9ger des regards des passants ou des voisins. <\/li>\n<li><b>Haute r\u00e9sistance<\/b> &#8211; Les bandes de cl\u00f4ture sont fabriqu\u00e9es en mati\u00e8re plastique de haute qualit\u00e9 &#8211; <b>POLYPROPYL\u00c8NE<\/b>, ce qui garantit une r\u00e9sistance accrue aux dommages m\u00e9caniques. Le mat\u00e9riau est enrichi de composants <b>UV<\/b> sp\u00e9ciaux qui augmentent le niveau de protection de la bande contre la d\u00e9coloration due aux rayons du soleil.<\/li>\n<li><b>Isolation acoustique &#8211;<\/b> Les bandes de cl\u00f4ture SORTON\u00ae <b>r\u00e9duisent consid\u00e9rablement le bruit<\/b>, contribuant \u00e0 augmenter le confort lors de votre s\u00e9jour dans votre propre jardin. Elles sont le plus souvent install\u00e9es dans des endroits o\u00f9 il y a un bruit \u00e9lev\u00e9 &#8211; a\u00e9roports, autoroutes, pr\u00e8s des voies ferr\u00e9es, des rues, des chantiers de construction.<\/li>\n<li><b>Haute fonctionnalit\u00e9<\/b> &#8211; Les bandes de panneau <b>ombragent parfaitement la cl\u00f4ture<\/b> et contribuent \u00e9galement \u00e0 r\u00e9duire la sensation de rafales de vent. Un avantage \u00e0 souligner des bandes de cl\u00f4ture est la protection contre les feuilles et la neige.<\/li>\n<li><b>Facile \u00e0 nettoyer<\/b> &#8211; un grand avantage des \u00e9crans de panneau est la facilit\u00e9 avec laquelle ils peuvent \u00eatre nettoy\u00e9s &#8211; il suffit d&rsquo;essuyer la bande avec un chiffon humide, ainsi que son entretien &#8211; l&rsquo;\u00e9cran ne n\u00e9cessite pas de traitements d&rsquo;impr\u00e9gnation suppl\u00e9mentaires.<\/li>\n<\/ul>\n<\/section><\/div>\n<\/section>\n<section class=\"section\">\n<div class=\"item item-12\">\n<section class=\"text-item\">\n<h2>INSTALLATION INTUITIVE ET SIMPLE DE LA BANDE DE CL\u00d4TURE EN 3 \u00c9TAPES<\/h2>\n<\/section><\/div>\n<\/section>\n<section class=\"section\">\n<div class=\"item item-6\">\n<section class=\"image-item\">\n            <img decoding=\"async\" src=\"https:\/\/upload.cdn.baselinker.com\/products\/20133\/9f82b55235ada35b3511599e837c56ae.png\"><br \/>\n        <\/section>\n<\/p><\/div>\n<div class=\"item item-6\">\n<section class=\"text-item\">\n<h1>Installation simple et agr\u00e9able<\/h1>\n<p>1. La bande doit \u00eatre entrelac\u00e9e entre les barres<\/p>\n<p>2. \u00c0 chaque extr\u00e9mit\u00e9 de la bande, coupez l&rsquo;exc\u00e9dent et fixez le clip de cl\u00f4ture<\/p>\n<p>3. Le clip avec la bande doit \u00eatre fix\u00e9 \u00e0 la barre du panneau de cl\u00f4ture. <\/p>\n<\/section><\/div>\n<\/section>\n<section class=\"section\">\n<div class=\"item item-6\">\n<section class=\"image-item\">\n            <img decoding=\"async\" src=\"https:\/\/upload.cdn.baselinker.com\/products\/20133\/3ee0a06bc24a5aa8e4b5eff44456dc06.jpg\"><br \/>\n        <\/section>\n<\/p><\/div>\n<div class=\"item item-6\">\n<section class=\"text-item\">\n<h2>Clips de montage utilis\u00e9s pour l&rsquo;installation de notre bande<\/h2>\n<p>L&rsquo;utilisation de clips augmente la stabilit\u00e9 de la bande lorsqu&rsquo;elle est soumise \u00e0 une exposition plus forte au vent.<\/p>\n<\/section><\/div>\n<\/section>\n<section class=\"section\">\n<div class=\"item item-12\">\n<section class=\"text-item\">\n<h2>CALCULATEUR DE BANDE DE CL\u00d4TURE SORTON\u00ae <\/h2>\n<p>Suivez les \u00e9tapes ci-dessous :<\/p>\n<ol>\n<li>Mesurez les panneaux de cl\u00f4ture [mesurez la largeur et la hauteur]<\/li>\n<li>Faites le r\u00e9sum\u00e9 du nombre de panneaux de cl\u00f4ture de m\u00eames dimensions<\/li>\n<li>Localisez dans le tableau ci-dessous le nombre de rouleaux n\u00e9cessaires pour couvrir les panneaux de cl\u00f4ture selon les calculs obtenus au point 2<\/li>\n<\/ol>\n<p><b>L\u00c9GENDE DU TABLEAU<\/b><\/p>\n<ul>\n<li><b>A &#8211;<\/b> concerne la taille du panneau de cl\u00f4ture 2D avec des mailles de 19 cm (sans embossage)<\/li>\n<li><b>B &#8211;<\/b> nombre de panneaux de cl\u00f4ture<\/li>\n<li><b>C &#8211;<\/b> nombre de rouleaux n\u00e9cessaires pour couvrir la cl\u00f4ture<\/li>\n<\/ul>\n<\/section><\/div>\n<\/section>\n<section class=\"section\">\n<div class=\"item item-12\">\n<section class=\"image-item\">\n            <img decoding=\"async\" src=\"https:\/\/upload.cdn.baselinker.com\/products\/20133\/4951d9bc4ae8af4982f088aaee4e92df.png\"><br \/>\n        <\/section>\n<\/p><\/div>\n<\/section>\n<section class=\"section\">\n<div class=\"item item-12\">\n<section class=\"text-item\">\n<\/section><\/div>\n<\/section>\n","protected":false},"excerpt":{"rendered":"<p>La bande de cl\u00f4ture SORTON\u00ae Orange Skin Premium en polypropyl\u00e8ne (19 cm x 26 m, anthracite RAL 7016) est une solution innovante pour garantir intimit\u00e9, protection contre le vent et durabilit\u00e9 des couleurs gr\u00e2ce \u00e0 sa stabilisation UV. Facile \u00e0 installer, flexible et r\u00e9sistante aux fissures, elle assure une qualit\u00e9 sup\u00e9rieure et une esth\u00e9tique impeccable \u00e0 votre cl\u00f4ture.<\/p>","protected":false},"featured_media":1904,"comment_status":"open","ping_status":"closed","template":"","meta":[],"product_brand":[],"product_cat":[69,70],"product_tag":[76],"class_list":{"0":"post-1890","1":"product","2":"type-product","3":"status-publish","4":"has-post-thumbnail","6":"product_cat-lamelles-doccultation-souples","7":"product_cat-lattes-horizontales","8":"product_tag-montage-horizontal","10":"first","11":"instock","12":"sale","13":"featured","14":"shipping-taxable","15":"purchasable","16":"product-type-simple"},"yoast_head":"<!-- This site is optimized with the Yoast SEO plugin v27.3 - https:\/\/yoast.com\/product\/yoast-seo-wordpress\/ -->\n<title>Bande de Cl\u00f4ture Premium pour Panneaux 19cm x 26m Orange Skin - SORTON<\/title>\n<meta name=\"description\" content=\"D\u00e9couvrez la bande de cl\u00f4ture SORTON\u00ae Orange Skin Premium en polypropyl\u00e8ne (19cm x 26m, anthracite RAL 7016). Profitez d&#039;une intimit\u00e9, d&#039;une protection contre le vent et d&#039;une durabilit\u00e9 UV. Facile \u00e0 installer. Garantie de qualit\u00e9 sup\u00e9rieure.\" \/>\n<meta name=\"robots\" content=\"index, follow, max-snippet:-1, max-image-preview:large, max-video-preview:-1\" \/>\n<link rel=\"canonical\" href=\"https:\/\/sorton.fr\/en\/product\/bande-de-cloture-premium-pour-panneaux-19cm-x-26m-orange-skin\/\" \/>\n<meta property=\"og:locale\" content=\"en_US\" \/>\n<meta property=\"og:type\" content=\"article\" \/>\n<meta property=\"og:title\" content=\"Bande de Cl\u00f4ture Premium pour Panneaux 19cm x 26m Orange Skin - SORTON\" \/>\n<meta property=\"og:description\" content=\"D\u00e9couvrez la bande de cl\u00f4ture SORTON\u00ae Orange Skin Premium en polypropyl\u00e8ne (19cm x 26m, anthracite RAL 7016). Profitez d&#039;une intimit\u00e9, d&#039;une protection contre le vent et d&#039;une durabilit\u00e9 UV. Facile \u00e0 installer. Garantie de qualit\u00e9 sup\u00e9rieure.\" \/>\n<meta property=\"og:url\" content=\"https:\/\/sorton.fr\/en\/product\/bande-de-cloture-premium-pour-panneaux-19cm-x-26m-orange-skin\/\" \/>\n<meta property=\"og:site_name\" content=\"SORTON\" \/>\n<meta property=\"article:modified_time\" content=\"2026-03-18T15:31:32+00:00\" \/>\n<meta property=\"og:image\" content=\"https:\/\/sorton.fr\/wp-content\/uploads\/2025\/06\/PP-SOR-OS-192601-10C-2-800x800.png\" \/>\n\t<meta property=\"og:image:width\" content=\"800\" \/>\n\t<meta property=\"og:image:height\" content=\"800\" \/>\n\t<meta property=\"og:image:type\" content=\"image\/png\" \/>\n<meta name=\"twitter:card\" content=\"summary_large_image\" \/>\n<meta name=\"twitter:label1\" content=\"Est. reading time\" \/>\n\t<meta name=\"twitter:data1\" content=\"7 minutes\" \/>\n<script type=\"application\/ld+json\" class=\"yoast-schema-graph\">{\"@context\":\"https:\\\/\\\/schema.org\",\"@graph\":[{\"@type\":\"WebPage\",\"@id\":\"https:\\\/\\\/sorton.fr\\\/product\\\/bande-de-cloture-premium-pour-panneaux-19cm-x-26m-orange-skin\",\"url\":\"https:\\\/\\\/sorton.fr\\\/product\\\/bande-de-cloture-premium-pour-panneaux-19cm-x-26m-orange-skin\",\"name\":\"Bande de Cl\u00f4ture Premium pour Panneaux 19cm x 26m Orange Skin - SORTON\",\"isPartOf\":{\"@id\":\"https:\\\/\\\/sorton.fr\\\/#website\"},\"primaryImageOfPage\":{\"@id\":\"https:\\\/\\\/sorton.fr\\\/product\\\/bande-de-cloture-premium-pour-panneaux-19cm-x-26m-orange-skin#primaryimage\"},\"image\":{\"@id\":\"https:\\\/\\\/sorton.fr\\\/product\\\/bande-de-cloture-premium-pour-panneaux-19cm-x-26m-orange-skin#primaryimage\"},\"thumbnailUrl\":\"https:\\\/\\\/sorton.fr\\\/wp-content\\\/uploads\\\/2025\\\/06\\\/PP-SOR-OS-192601-10C-2.png\",\"datePublished\":\"2025-06-22T11:52:10+00:00\",\"dateModified\":\"2026-03-18T15:31:32+00:00\",\"description\":\"D\u00e9couvrez la bande de cl\u00f4ture SORTON\u00ae Orange Skin Premium en polypropyl\u00e8ne (19cm x 26m, anthracite RAL 7016). Profitez d'une intimit\u00e9, d'une protection contre le vent et d'une durabilit\u00e9 UV. Facile \u00e0 installer. Garantie de qualit\u00e9 sup\u00e9rieure.\",\"breadcrumb\":{\"@id\":\"https:\\\/\\\/sorton.fr\\\/product\\\/bande-de-cloture-premium-pour-panneaux-19cm-x-26m-orange-skin#breadcrumb\"},\"inLanguage\":\"en-US\",\"potentialAction\":[{\"@type\":\"ReadAction\",\"target\":[\"https:\\\/\\\/sorton.fr\\\/product\\\/bande-de-cloture-premium-pour-panneaux-19cm-x-26m-orange-skin\"]}]},{\"@type\":\"ImageObject\",\"inLanguage\":\"en-US\",\"@id\":\"https:\\\/\\\/sorton.fr\\\/product\\\/bande-de-cloture-premium-pour-panneaux-19cm-x-26m-orange-skin#primaryimage\",\"url\":\"https:\\\/\\\/sorton.fr\\\/wp-content\\\/uploads\\\/2025\\\/06\\\/PP-SOR-OS-192601-10C-2.png\",\"contentUrl\":\"https:\\\/\\\/sorton.fr\\\/wp-content\\\/uploads\\\/2025\\\/06\\\/PP-SOR-OS-192601-10C-2.png\",\"width\":2000,\"height\":2000},{\"@type\":\"BreadcrumbList\",\"@id\":\"https:\\\/\\\/sorton.fr\\\/product\\\/bande-de-cloture-premium-pour-panneaux-19cm-x-26m-orange-skin#breadcrumb\",\"itemListElement\":[{\"@type\":\"ListItem\",\"position\":1,\"name\":\"Home\",\"item\":\"https:\\\/\\\/sorton.fr\\\/\"},{\"@type\":\"ListItem\",\"position\":2,\"name\":\"Magasin\",\"item\":\"https:\\\/\\\/sorton.fr\\\/magasin\"},{\"@type\":\"ListItem\",\"position\":3,\"name\":\"Bande de Cl\u00f4ture Premium pour Panneaux 19cm x 26m Orange Skin\"}]},{\"@type\":\"WebSite\",\"@id\":\"https:\\\/\\\/sorton.fr\\\/#website\",\"url\":\"https:\\\/\\\/sorton.fr\\\/\",\"name\":\"SORTON\",\"description\":\"Fabricant de Lamelles d'occulation Souples\",\"potentialAction\":[{\"@type\":\"SearchAction\",\"target\":{\"@type\":\"EntryPoint\",\"urlTemplate\":\"https:\\\/\\\/sorton.fr\\\/?s={search_term_string}\"},\"query-input\":{\"@type\":\"PropertyValueSpecification\",\"valueRequired\":true,\"valueName\":\"search_term_string\"}}],\"inLanguage\":\"en-US\"}]}<\/script>\n<!-- \/ Yoast SEO plugin. -->","yoast_head_json":{"title":"Bande de Cl\u00f4ture Premium pour Panneaux 19cm x 26m Orange Skin - SORTON","description":"D\u00e9couvrez la bande de cl\u00f4ture SORTON\u00ae Orange Skin Premium en polypropyl\u00e8ne (19cm x 26m, anthracite RAL 7016). Profitez d'une intimit\u00e9, d'une protection contre le vent et d'une durabilit\u00e9 UV. Facile \u00e0 installer. Garantie de qualit\u00e9 sup\u00e9rieure.","robots":{"index":"index","follow":"follow","max-snippet":"max-snippet:-1","max-image-preview":"max-image-preview:large","max-video-preview":"max-video-preview:-1"},"canonical":"https:\/\/sorton.fr\/en\/product\/bande-de-cloture-premium-pour-panneaux-19cm-x-26m-orange-skin\/","og_locale":"en_US","og_type":"article","og_title":"Bande de Cl\u00f4ture Premium pour Panneaux 19cm x 26m Orange Skin - SORTON","og_description":"D\u00e9couvrez la bande de cl\u00f4ture SORTON\u00ae Orange Skin Premium en polypropyl\u00e8ne (19cm x 26m, anthracite RAL 7016). Profitez d'une intimit\u00e9, d'une protection contre le vent et d'une durabilit\u00e9 UV. Facile \u00e0 installer. Garantie de qualit\u00e9 sup\u00e9rieure.","og_url":"https:\/\/sorton.fr\/en\/product\/bande-de-cloture-premium-pour-panneaux-19cm-x-26m-orange-skin\/","og_site_name":"SORTON","article_modified_time":"2026-03-18T15:31:32+00:00","og_image":[{"width":800,"height":800,"url":"https:\/\/sorton.fr\/wp-content\/uploads\/2025\/06\/PP-SOR-OS-192601-10C-2-800x800.png","type":"image\/png"}],"twitter_card":"summary_large_image","twitter_misc":{"Est. reading time":"7 minutes"},"schema":{"@context":"https:\/\/schema.org","@graph":[{"@type":"WebPage","@id":"https:\/\/sorton.fr\/product\/bande-de-cloture-premium-pour-panneaux-19cm-x-26m-orange-skin","url":"https:\/\/sorton.fr\/product\/bande-de-cloture-premium-pour-panneaux-19cm-x-26m-orange-skin","name":"Bande de Cl\u00f4ture Premium pour Panneaux 19cm x 26m Orange Skin - SORTON","isPartOf":{"@id":"https:\/\/sorton.fr\/#website"},"primaryImageOfPage":{"@id":"https:\/\/sorton.fr\/product\/bande-de-cloture-premium-pour-panneaux-19cm-x-26m-orange-skin#primaryimage"},"image":{"@id":"https:\/\/sorton.fr\/product\/bande-de-cloture-premium-pour-panneaux-19cm-x-26m-orange-skin#primaryimage"},"thumbnailUrl":"https:\/\/sorton.fr\/wp-content\/uploads\/2025\/06\/PP-SOR-OS-192601-10C-2.png","datePublished":"2025-06-22T11:52:10+00:00","dateModified":"2026-03-18T15:31:32+00:00","description":"D\u00e9couvrez la bande de cl\u00f4ture SORTON\u00ae Orange Skin Premium en polypropyl\u00e8ne (19cm x 26m, anthracite RAL 7016). Profitez d'une intimit\u00e9, d'une protection contre le vent et d'une durabilit\u00e9 UV. Facile \u00e0 installer. Garantie de qualit\u00e9 sup\u00e9rieure.","breadcrumb":{"@id":"https:\/\/sorton.fr\/product\/bande-de-cloture-premium-pour-panneaux-19cm-x-26m-orange-skin#breadcrumb"},"inLanguage":"en-US","potentialAction":[{"@type":"ReadAction","target":["https:\/\/sorton.fr\/product\/bande-de-cloture-premium-pour-panneaux-19cm-x-26m-orange-skin"]}]},{"@type":"ImageObject","inLanguage":"en-US","@id":"https:\/\/sorton.fr\/product\/bande-de-cloture-premium-pour-panneaux-19cm-x-26m-orange-skin#primaryimage","url":"https:\/\/sorton.fr\/wp-content\/uploads\/2025\/06\/PP-SOR-OS-192601-10C-2.png","contentUrl":"https:\/\/sorton.fr\/wp-content\/uploads\/2025\/06\/PP-SOR-OS-192601-10C-2.png","width":2000,"height":2000},{"@type":"BreadcrumbList","@id":"https:\/\/sorton.fr\/product\/bande-de-cloture-premium-pour-panneaux-19cm-x-26m-orange-skin#breadcrumb","itemListElement":[{"@type":"ListItem","position":1,"name":"Home","item":"https:\/\/sorton.fr\/"},{"@type":"ListItem","position":2,"name":"Magasin","item":"https:\/\/sorton.fr\/magasin"},{"@type":"ListItem","position":3,"name":"Bande de Cl\u00f4ture Premium pour Panneaux 19cm x 26m Orange Skin"}]},{"@type":"WebSite","@id":"https:\/\/sorton.fr\/#website","url":"https:\/\/sorton.fr\/","name":"SORTON","description":"Fabricant de Lamelles d'occulation Souples","potentialAction":[{"@type":"SearchAction","target":{"@type":"EntryPoint","urlTemplate":"https:\/\/sorton.fr\/?s={search_term_string}"},"query-input":{"@type":"PropertyValueSpecification","valueRequired":true,"valueName":"search_term_string"}}],"inLanguage":"en-US"}]}},"_links":{"self":[{"href":"https:\/\/sorton.fr\/en\/wp-json\/wp\/v2\/product\/1890","targetHints":{"allow":["GET"]}}],"collection":[{"href":"https:\/\/sorton.fr\/en\/wp-json\/wp\/v2\/product"}],"about":[{"href":"https:\/\/sorton.fr\/en\/wp-json\/wp\/v2\/types\/product"}],"replies":[{"embeddable":true,"href":"https:\/\/sorton.fr\/en\/wp-json\/wp\/v2\/comments?post=1890"}],"wp:featuredmedia":[{"embeddable":true,"href":"https:\/\/sorton.fr\/en\/wp-json\/wp\/v2\/media\/1904"}],"wp:attachment":[{"href":"https:\/\/sorton.fr\/en\/wp-json\/wp\/v2\/media?parent=1890"}],"wp:term":[{"taxonomy":"product_brand","embeddable":true,"href":"https:\/\/sorton.fr\/en\/wp-json\/wp\/v2\/product_brand?post=1890"},{"taxonomy":"product_cat","embeddable":true,"href":"https:\/\/sorton.fr\/en\/wp-json\/wp\/v2\/product_cat?post=1890"},{"taxonomy":"product_tag","embeddable":true,"href":"https:\/\/sorton.fr\/en\/wp-json\/wp\/v2\/product_tag?post=1890"}],"curies":[{"name":"wp","href":"https:\/\/api.w.org\/{rel}","templated":true}]}}