{"id":1912,"date":"2025-06-22T12:28:11","date_gmt":"2025-06-22T12:28:11","guid":{"rendered":"https:\/\/sorton.fr\/product\/clips-pour-bande-de-cloture-10-pieces-zrodla"},"modified":"2026-03-02T15:02:35","modified_gmt":"2026-03-02T15:02:35","slug":"clips-pour-bande-de-cloture-10-pieces-zrodla","status":"publish","type":"product","link":"https:\/\/sorton.fr\/en\/product\/clips-pour-bande-de-cloture-10-pieces-zrodla","title":{"rendered":"Clips pour Bande de Cl\u00f4ture 10 pi\u00e8ces"},"content":{"rendered":"<section class=\"section\">\n<div class=\"item item-12\">\n<section class=\"text-item\">\n<h1>Clip de montage pour bande SORTON DUALSKIN &#8211; 10 pi\u00e8ces.<\/h1>\n<\/section><\/div>\n<\/section>\n<section class=\"section\">\n<div class=\"item item-6\">\n<section class=\"image-item\">\n            <img decoding=\"async\" src=\"https:\/\/upload.cdn.baselinker.com\/products\/20133\/fe48331d68c3bafd83350cea00d5c0b5.jpg\" \/><br \/>\n        <\/section>\n<\/p><\/div>\n<div class=\"item item-6\">\n<section class=\"text-item\">\n<p>Les clips sont fabriqu\u00e9s \u00e0 partir d&rsquo;un mat\u00e9riau plastique exceptionnellement durable, \u00e0 savoir le **PVC**, qui se caract\u00e9rise par sa r\u00e9sistance aux intemp\u00e9ries et le maintien d&rsquo;une couleur inchang\u00e9e malgr\u00e9 l&rsquo;influence des facteurs externes.<\/p>\n<h2>Le prix est pour 10 clips.<\/h2>\n<h1>Donn\u00e9es techniques<\/h1>\n<ul>\n<li>\u00c9paisseur : 2 mm<\/li>\n<li>Hauteur : 19 cm<\/li>\n<li>Installation facile<\/li>\n<li>**Le prix est pour 10 pi\u00e8ces**<\/li>\n<\/ul>\n<\/section><\/div>\n<\/section>\n<section class=\"section\">\n<div class=\"item item-6\">\n<section class=\"image-item\">\n            <img decoding=\"async\" src=\"https:\/\/upload.cdn.baselinker.com\/products\/20133\/c7b4366959f3cc1f48c0770512481c82.jpg\" \/><br \/>\n        <\/section>\n<\/p><\/div>\n<div class=\"item item-6\">\n<section class=\"text-item\">\n<h2>AVANTAGES DES CLIPS SORTON\u00ae PREMIUM :<\/h2>\n<ul>\n<li>**\u2705PRISE DE BANDE TR\u00c8S FERME -** les rafales de vent ou les chocs sur le panneau de cl\u00f4ture n&rsquo;entra\u00eeneront pas le glissement de la bande hors du clip<\/li>\n<li>**\u2705TAILLE UNIVERSELLE -** convient aux barres de 3 mm, 4 mm, 5 mm et 6 mm<\/li>\n<li>**\u2705INSTALLATION FACILE** &#8211; l&rsquo;installation des clips se fait en ins\u00e9rant le clip dans la barre, puis en glissant la bande dans le support lat\u00e9ral<\/li>\n<li>**\u2705FORME ESTH\u00c9TIQUE -** la forme \u00e9lanc\u00e9e am\u00e9liore l&rsquo;esth\u00e9tique du panneau de cl\u00f4ture<\/li>\n<li>**\u2705R\u00c9SISTANCE AUX RAYONS UV** &#8211; le mat\u00e9riau \u00e0 partir duquel les clips SORTON\u00ae PREMIUM sont fabriqu\u00e9s poss\u00e8de un **stabilisateur UV**<\/li>\n<\/ul>\n<\/section><\/div>\n<\/section>\n<section class=\"section\">\n<div class=\"item item-6\">\n<section class=\"image-item\">\n            <img decoding=\"async\" src=\"https:\/\/upload.cdn.baselinker.com\/products\/20133\/b602b01d84026d292493657c9e648898.jpg\" \/><br \/>\n        <\/section>\n<\/p><\/div>\n<div class=\"item item-6\">\n<section class=\"text-item\">\n<h2>Avantages des bandes de la marque SORTON\u00ae :<\/h2>\n<p>\u2705Bande fabriqu\u00e9e en **POLYPROPYL\u00c8NE**<\/p>\n<p>\u2705La bande **SORTON\u00ae** a \u00e9t\u00e9 fabriqu\u00e9e selon le syst\u00e8me **DUALSKIN**, elle est la seule sur le march\u00e9 \u00e0 poss\u00e9der deux textures uniques.<\/p>\n<p>\u2705La bande **ne se d\u00e9colore pas au soleil gr\u00e2ce \u00e0 la stabilisation UV**<\/p>\n<p>\u2705La bande **ne se d\u00e9forme pas sous l&rsquo;influence des temp\u00e9ratures**<\/p>\n<p>\u2705La bande **ne n\u00e9cessite pas d&rsquo;entretien**<\/p>\n<\/section><\/div>\n<\/section>\n<section class=\"section\">\n<div class=\"item item-6\">\n<section class=\"image-item\">\n            <img decoding=\"async\" src=\"https:\/\/upload.cdn.baselinker.com\/products\/20133\/7dc2312a7069a67546da2795714e24c6.jpg\" \/><br \/>\n        <\/section>\n<\/p><\/div>\n<div class=\"item item-6\">\n<section class=\"image-item\">\n            <img decoding=\"async\" src=\"https:\/\/upload.cdn.baselinker.com\/products\/20133\/ac7260ad15fad0758653685a0ede9509.jpg\" \/><br \/>\n        <\/section>\n<\/p><\/div>\n<\/section>","protected":false},"excerpt":{"rendered":"<p>Clip de montage pour bande SORTON DUALSKIN &#8211; 10 pi\u00e8ces. Les clips sont fabriqu\u00e9s \u00e0 partir d&rsquo;un mat\u00e9riau plastique exceptionnellement durable, \u00e0 savoir le **PVC**, qui se caract\u00e9rise par sa r\u00e9sistance aux intemp\u00e9ries et le maintien d&rsquo;une couleur inchang\u00e9e malgr\u00e9 l&rsquo;influence des facteurs externes. Le prix est pour 10 clips. Donn\u00e9es techniques \u00c9paisseur : 2 [&#8230;]\n","protected":false},"featured_media":1906,"comment_status":"open","ping_status":"closed","template":"","meta":[],"product_brand":[],"product_cat":[69,70],"product_tag":[],"class_list":{"0":"post-1912","1":"product","2":"type-product","3":"status-publish","4":"has-post-thumbnail","6":"product_cat-lamelles-doccultation-souples","7":"product_cat-lattes-horizontales","9":"first","10":"instock","11":"shipping-taxable","12":"purchasable","13":"product-type-variable"},"yoast_head":"<!-- This site is optimized with the Yoast SEO plugin v27.3 - https:\/\/yoast.com\/product\/yoast-seo-wordpress\/ -->\n<title>Clips pour Bande de Cl\u00f4ture 10 pi\u00e8ces - SORTON<\/title>\n<meta name=\"description\" content=\"Clips de montage SORTON (10 pcs) pour bande de cl\u00f4ture. En PVC durable, r\u00e9sistant aux UV et intemp\u00e9ries. Taille universelle pour une installation facile et une prise solide. Am\u00e9liorez l&#039;esth\u00e9tique et la durabilit\u00e9 de votre cl\u00f4ture.\" \/>\n<meta name=\"robots\" content=\"index, follow, max-snippet:-1, max-image-preview:large, max-video-preview:-1\" \/>\n<link rel=\"canonical\" href=\"https:\/\/sorton.fr\/en\/product\/clips-pour-bande-de-cloture-10-pieces-zrodla\/\" \/>\n<meta property=\"og:locale\" content=\"en_US\" \/>\n<meta property=\"og:type\" content=\"article\" \/>\n<meta property=\"og:title\" content=\"Clips pour Bande de Cl\u00f4ture 10 pi\u00e8ces - SORTON\" \/>\n<meta property=\"og:description\" content=\"Clips de montage SORTON (10 pcs) pour bande de cl\u00f4ture. En PVC durable, r\u00e9sistant aux UV et intemp\u00e9ries. Taille universelle pour une installation facile et une prise solide. Am\u00e9liorez l&#039;esth\u00e9tique et la durabilit\u00e9 de votre cl\u00f4ture.\" \/>\n<meta property=\"og:url\" content=\"https:\/\/sorton.fr\/en\/product\/clips-pour-bande-de-cloture-10-pieces-zrodla\/\" \/>\n<meta property=\"og:site_name\" content=\"SORTON\" \/>\n<meta property=\"article:modified_time\" content=\"2026-03-02T15:02:35+00:00\" \/>\n<meta property=\"og:image\" content=\"https:\/\/sorton.fr\/wp-content\/uploads\/2025\/06\/fe48331d68c3bafd83350cea00d5c0b5.jpg\" \/>\n\t<meta property=\"og:image:width\" content=\"2000\" \/>\n\t<meta property=\"og:image:height\" content=\"2000\" \/>\n\t<meta property=\"og:image:type\" content=\"image\/jpeg\" \/>\n<meta name=\"twitter:card\" content=\"summary_large_image\" \/>\n<meta name=\"twitter:label1\" content=\"Est. reading time\" \/>\n\t<meta name=\"twitter:data1\" content=\"3 minutes\" \/>\n<script type=\"application\/ld+json\" class=\"yoast-schema-graph\">{\"@context\":\"https:\\\/\\\/schema.org\",\"@graph\":[{\"@type\":\"WebPage\",\"@id\":\"https:\\\/\\\/sorton.fr\\\/product\\\/clips-pour-bande-de-cloture-10-pieces-zrodla\",\"url\":\"https:\\\/\\\/sorton.fr\\\/product\\\/clips-pour-bande-de-cloture-10-pieces-zrodla\",\"name\":\"Clips pour Bande de Cl\u00f4ture 10 pi\u00e8ces - SORTON\",\"isPartOf\":{\"@id\":\"https:\\\/\\\/sorton.fr\\\/#website\"},\"primaryImageOfPage\":{\"@id\":\"https:\\\/\\\/sorton.fr\\\/product\\\/clips-pour-bande-de-cloture-10-pieces-zrodla#primaryimage\"},\"image\":{\"@id\":\"https:\\\/\\\/sorton.fr\\\/product\\\/clips-pour-bande-de-cloture-10-pieces-zrodla#primaryimage\"},\"thumbnailUrl\":\"https:\\\/\\\/sorton.fr\\\/wp-content\\\/uploads\\\/2025\\\/06\\\/fe48331d68c3bafd83350cea00d5c0b5.jpg\",\"datePublished\":\"2025-06-22T12:28:11+00:00\",\"dateModified\":\"2026-03-02T15:02:35+00:00\",\"description\":\"Clips de montage SORTON (10 pcs) pour bande de cl\u00f4ture. En PVC durable, r\u00e9sistant aux UV et intemp\u00e9ries. Taille universelle pour une installation facile et une prise solide. Am\u00e9liorez l'esth\u00e9tique et la durabilit\u00e9 de votre cl\u00f4ture.\",\"breadcrumb\":{\"@id\":\"https:\\\/\\\/sorton.fr\\\/product\\\/clips-pour-bande-de-cloture-10-pieces-zrodla#breadcrumb\"},\"inLanguage\":\"en-US\",\"potentialAction\":[{\"@type\":\"ReadAction\",\"target\":[\"https:\\\/\\\/sorton.fr\\\/product\\\/clips-pour-bande-de-cloture-10-pieces-zrodla\"]}]},{\"@type\":\"ImageObject\",\"inLanguage\":\"en-US\",\"@id\":\"https:\\\/\\\/sorton.fr\\\/product\\\/clips-pour-bande-de-cloture-10-pieces-zrodla#primaryimage\",\"url\":\"https:\\\/\\\/sorton.fr\\\/wp-content\\\/uploads\\\/2025\\\/06\\\/fe48331d68c3bafd83350cea00d5c0b5.jpg\",\"contentUrl\":\"https:\\\/\\\/sorton.fr\\\/wp-content\\\/uploads\\\/2025\\\/06\\\/fe48331d68c3bafd83350cea00d5c0b5.jpg\",\"width\":2000,\"height\":2000},{\"@type\":\"BreadcrumbList\",\"@id\":\"https:\\\/\\\/sorton.fr\\\/product\\\/clips-pour-bande-de-cloture-10-pieces-zrodla#breadcrumb\",\"itemListElement\":[{\"@type\":\"ListItem\",\"position\":1,\"name\":\"Home\",\"item\":\"https:\\\/\\\/sorton.fr\\\/\"},{\"@type\":\"ListItem\",\"position\":2,\"name\":\"Magasin\",\"item\":\"https:\\\/\\\/sorton.fr\\\/magasin\"},{\"@type\":\"ListItem\",\"position\":3,\"name\":\"Clips pour Bande de Cl\u00f4ture 10 pi\u00e8ces\"}]},{\"@type\":\"WebSite\",\"@id\":\"https:\\\/\\\/sorton.fr\\\/#website\",\"url\":\"https:\\\/\\\/sorton.fr\\\/\",\"name\":\"SORTON\",\"description\":\"Fabricant de Lamelles d'occulation Souples\",\"potentialAction\":[{\"@type\":\"SearchAction\",\"target\":{\"@type\":\"EntryPoint\",\"urlTemplate\":\"https:\\\/\\\/sorton.fr\\\/?s={search_term_string}\"},\"query-input\":{\"@type\":\"PropertyValueSpecification\",\"valueRequired\":true,\"valueName\":\"search_term_string\"}}],\"inLanguage\":\"en-US\"}]}<\/script>\n<!-- \/ Yoast SEO plugin. -->","yoast_head_json":{"title":"Clips pour Bande de Cl\u00f4ture 10 pi\u00e8ces - SORTON","description":"Clips de montage SORTON (10 pcs) pour bande de cl\u00f4ture. En PVC durable, r\u00e9sistant aux UV et intemp\u00e9ries. Taille universelle pour une installation facile et une prise solide. Am\u00e9liorez l'esth\u00e9tique et la durabilit\u00e9 de votre cl\u00f4ture.","robots":{"index":"index","follow":"follow","max-snippet":"max-snippet:-1","max-image-preview":"max-image-preview:large","max-video-preview":"max-video-preview:-1"},"canonical":"https:\/\/sorton.fr\/en\/product\/clips-pour-bande-de-cloture-10-pieces-zrodla\/","og_locale":"en_US","og_type":"article","og_title":"Clips pour Bande de Cl\u00f4ture 10 pi\u00e8ces - SORTON","og_description":"Clips de montage SORTON (10 pcs) pour bande de cl\u00f4ture. En PVC durable, r\u00e9sistant aux UV et intemp\u00e9ries. Taille universelle pour une installation facile et une prise solide. Am\u00e9liorez l'esth\u00e9tique et la durabilit\u00e9 de votre cl\u00f4ture.","og_url":"https:\/\/sorton.fr\/en\/product\/clips-pour-bande-de-cloture-10-pieces-zrodla\/","og_site_name":"SORTON","article_modified_time":"2026-03-02T15:02:35+00:00","og_image":[{"width":2000,"height":2000,"url":"https:\/\/sorton.fr\/wp-content\/uploads\/2025\/06\/fe48331d68c3bafd83350cea00d5c0b5.jpg","type":"image\/jpeg"}],"twitter_card":"summary_large_image","twitter_misc":{"Est. reading time":"3 minutes"},"schema":{"@context":"https:\/\/schema.org","@graph":[{"@type":"WebPage","@id":"https:\/\/sorton.fr\/product\/clips-pour-bande-de-cloture-10-pieces-zrodla","url":"https:\/\/sorton.fr\/product\/clips-pour-bande-de-cloture-10-pieces-zrodla","name":"Clips pour Bande de Cl\u00f4ture 10 pi\u00e8ces - SORTON","isPartOf":{"@id":"https:\/\/sorton.fr\/#website"},"primaryImageOfPage":{"@id":"https:\/\/sorton.fr\/product\/clips-pour-bande-de-cloture-10-pieces-zrodla#primaryimage"},"image":{"@id":"https:\/\/sorton.fr\/product\/clips-pour-bande-de-cloture-10-pieces-zrodla#primaryimage"},"thumbnailUrl":"https:\/\/sorton.fr\/wp-content\/uploads\/2025\/06\/fe48331d68c3bafd83350cea00d5c0b5.jpg","datePublished":"2025-06-22T12:28:11+00:00","dateModified":"2026-03-02T15:02:35+00:00","description":"Clips de montage SORTON (10 pcs) pour bande de cl\u00f4ture. En PVC durable, r\u00e9sistant aux UV et intemp\u00e9ries. Taille universelle pour une installation facile et une prise solide. Am\u00e9liorez l'esth\u00e9tique et la durabilit\u00e9 de votre cl\u00f4ture.","breadcrumb":{"@id":"https:\/\/sorton.fr\/product\/clips-pour-bande-de-cloture-10-pieces-zrodla#breadcrumb"},"inLanguage":"en-US","potentialAction":[{"@type":"ReadAction","target":["https:\/\/sorton.fr\/product\/clips-pour-bande-de-cloture-10-pieces-zrodla"]}]},{"@type":"ImageObject","inLanguage":"en-US","@id":"https:\/\/sorton.fr\/product\/clips-pour-bande-de-cloture-10-pieces-zrodla#primaryimage","url":"https:\/\/sorton.fr\/wp-content\/uploads\/2025\/06\/fe48331d68c3bafd83350cea00d5c0b5.jpg","contentUrl":"https:\/\/sorton.fr\/wp-content\/uploads\/2025\/06\/fe48331d68c3bafd83350cea00d5c0b5.jpg","width":2000,"height":2000},{"@type":"BreadcrumbList","@id":"https:\/\/sorton.fr\/product\/clips-pour-bande-de-cloture-10-pieces-zrodla#breadcrumb","itemListElement":[{"@type":"ListItem","position":1,"name":"Home","item":"https:\/\/sorton.fr\/"},{"@type":"ListItem","position":2,"name":"Magasin","item":"https:\/\/sorton.fr\/magasin"},{"@type":"ListItem","position":3,"name":"Clips pour Bande de Cl\u00f4ture 10 pi\u00e8ces"}]},{"@type":"WebSite","@id":"https:\/\/sorton.fr\/#website","url":"https:\/\/sorton.fr\/","name":"SORTON","description":"Fabricant de Lamelles d'occulation Souples","potentialAction":[{"@type":"SearchAction","target":{"@type":"EntryPoint","urlTemplate":"https:\/\/sorton.fr\/?s={search_term_string}"},"query-input":{"@type":"PropertyValueSpecification","valueRequired":true,"valueName":"search_term_string"}}],"inLanguage":"en-US"}]}},"_links":{"self":[{"href":"https:\/\/sorton.fr\/en\/wp-json\/wp\/v2\/product\/1912","targetHints":{"allow":["GET"]}}],"collection":[{"href":"https:\/\/sorton.fr\/en\/wp-json\/wp\/v2\/product"}],"about":[{"href":"https:\/\/sorton.fr\/en\/wp-json\/wp\/v2\/types\/product"}],"replies":[{"embeddable":true,"href":"https:\/\/sorton.fr\/en\/wp-json\/wp\/v2\/comments?post=1912"}],"wp:featuredmedia":[{"embeddable":true,"href":"https:\/\/sorton.fr\/en\/wp-json\/wp\/v2\/media\/1906"}],"wp:attachment":[{"href":"https:\/\/sorton.fr\/en\/wp-json\/wp\/v2\/media?parent=1912"}],"wp:term":[{"taxonomy":"product_brand","embeddable":true,"href":"https:\/\/sorton.fr\/en\/wp-json\/wp\/v2\/product_brand?post=1912"},{"taxonomy":"product_cat","embeddable":true,"href":"https:\/\/sorton.fr\/en\/wp-json\/wp\/v2\/product_cat?post=1912"},{"taxonomy":"product_tag","embeddable":true,"href":"https:\/\/sorton.fr\/en\/wp-json\/wp\/v2\/product_tag?post=1912"}],"curies":[{"name":"wp","href":"https:\/\/api.w.org\/{rel}","templated":true}]}}