{"id":1917,"date":"2025-06-22T12:33:51","date_gmt":"2025-06-22T12:33:51","guid":{"rendered":"https:\/\/sorton.fr\/product\/clips-bande-de-cloture-20-pieces-19-cm-anthracite"},"modified":"2026-03-30T15:00:23","modified_gmt":"2026-03-30T15:00:23","slug":"clips-bande-de-cloture-20-pieces-19-cm-anthracite","status":"publish","type":"product","link":"https:\/\/sorton.fr\/en\/product\/clips-bande-de-cloture-20-pieces-19-cm-anthracite","title":{"rendered":"CLIPS &#8211; BANDE DE CL\u00d4TURE 20 PI\u00c8CES \/ 19 cm Anthracite"},"content":{"rendered":"<section class=\"section\">\n<div class=\"item item-6\">\n<section class=\"image-item\">\n            <img decoding=\"async\" src=\"https:\/\/upload.cdn.baselinker.com\/products\/20133\/79410595_1.jpg\"><br \/>\n        <\/section>\n<\/p><\/div>\n<div class=\"item item-6\">\n<section class=\"text-item\">\n<h1>CLIPS DE MONTAGE &#8211; 20 PI\u00c8CES \/ 19 cm<\/h1>\n<p>Disponibles en couleurs :<\/p>\n<ul>\n<li>Anthracite\/Noir (envoy\u00e9 par d\u00e9faut)<\/li>\n<\/ul>\n<p><b>VEUILLEZ SP\u00c9CIFIER LA COULEUR DANS LE MESSAGE AU VENDEUR<\/b><\/p>\n<p>LES CLIPS SONT COMPATIBLES AVEC :<\/p>\n<ul>\n<li>BANDE DE CL\u00d4TURE SORTON<\/li>\n<\/ul>\n<\/section><\/div>\n<\/section>\n<section class=\"section\">\n<div class=\"item item-6\">\n<section class=\"text-item\">\n<p>Avantages des clips :<\/p>\n<ul>\n<li>Fabriqu\u00e9s en PVC homog\u00e8ne.<\/li>\n<li>Flexibles et r\u00e9sistants \u00e0 la fois<\/li>\n<li>R\u00e9sistants aux UV<\/li>\n<\/ul>\n<\/section><\/div>\n<div class=\"item item-6\">\n<section class=\"image-item\">\n            <img decoding=\"async\" src=\"https:\/\/upload.cdn.baselinker.com\/products\/20133\/79410595_1.jpg\"><br \/>\n        <\/section>\n<\/p><\/div>\n<\/section>\n<section class=\"section\">\n<div class=\"item item-6\">\n<section class=\"image-item\">\n            <img decoding=\"async\" src=\"https:\/\/upload.cdn.baselinker.com\/products\/20133\/31741e8b29b22529831a739b0149a13e.png\"><br \/>\n        <\/section>\n<\/p><\/div>\n<div class=\"item item-6\">\n<section class=\"text-item\">\n<p>\u00c0 gauche est pr\u00e9sent\u00e9e la m\u00e9thode de montage des clips sur la bande de cl\u00f4ture SORTON.<\/p>\n<\/section><\/div>\n<\/section>\n<section class=\"section\">\n<div class=\"item item-12\">\n<section class=\"image-item\">\n            <img decoding=\"async\" src=\"https:\/\/upload.cdn.baselinker.com\/products\/20133\/c4f8bebba94548b6c24b8cefc982506e.jpg\"><br \/>\n        <\/section>\n<\/p><\/div>\n<\/section>","protected":false},"excerpt":{"rendered":"<section class=\"section\">\n<div class=\"item item-12\">\n<section class=\"text-item\">\n<\/section><\/div>\n<\/section>","protected":false},"featured_media":1914,"comment_status":"open","ping_status":"closed","template":"","meta":[],"product_brand":[],"product_cat":[69,70],"product_tag":[],"class_list":{"0":"post-1917","1":"product","2":"type-product","3":"status-publish","4":"has-post-thumbnail","6":"product_cat-lamelles-doccultation-souples","7":"product_cat-lattes-horizontales","9":"first","10":"instock","11":"shipping-taxable","12":"purchasable","13":"product-type-simple"},"yoast_head":"<!-- This site is optimized with the Yoast SEO plugin v27.3 - https:\/\/yoast.com\/product\/yoast-seo-wordpress\/ -->\n<title>CLIPS - BANDE DE CL\u00d4TURE 20 PI\u00c8CES \/ 19 cm Anthracite - SORTON<\/title>\n<meta name=\"robots\" content=\"index, follow, max-snippet:-1, max-image-preview:large, max-video-preview:-1\" \/>\n<link rel=\"canonical\" href=\"https:\/\/sorton.fr\/en\/product\/clips-bande-de-cloture-20-pieces-19-cm-anthracite\/\" \/>\n<meta property=\"og:locale\" content=\"en_US\" \/>\n<meta property=\"og:type\" content=\"article\" \/>\n<meta property=\"og:title\" content=\"CLIPS - BANDE DE CL\u00d4TURE 20 PI\u00c8CES \/ 19 cm Anthracite - SORTON\" \/>\n<meta property=\"og:url\" content=\"https:\/\/sorton.fr\/en\/product\/clips-bande-de-cloture-20-pieces-19-cm-anthracite\/\" \/>\n<meta property=\"og:site_name\" content=\"SORTON\" \/>\n<meta property=\"article:modified_time\" content=\"2026-03-30T15:00:23+00:00\" \/>\n<meta property=\"og:image\" content=\"https:\/\/upload.cdn.baselinker.com\/products\/20133\/79410595_1.jpg\" \/>\n<meta name=\"twitter:card\" content=\"summary_large_image\" \/>\n<script type=\"application\/ld+json\" class=\"yoast-schema-graph\">{\"@context\":\"https:\\\/\\\/schema.org\",\"@graph\":[{\"@type\":\"WebPage\",\"@id\":\"https:\\\/\\\/sorton.fr\\\/product\\\/clips-bande-de-cloture-20-pieces-19-cm-anthracite\",\"url\":\"https:\\\/\\\/sorton.fr\\\/product\\\/clips-bande-de-cloture-20-pieces-19-cm-anthracite\",\"name\":\"CLIPS - BANDE DE CL\u00d4TURE 20 PI\u00c8CES \\\/ 19 cm Anthracite - SORTON\",\"isPartOf\":{\"@id\":\"https:\\\/\\\/sorton.fr\\\/#website\"},\"primaryImageOfPage\":{\"@id\":\"https:\\\/\\\/sorton.fr\\\/product\\\/clips-bande-de-cloture-20-pieces-19-cm-anthracite#primaryimage\"},\"image\":{\"@id\":\"https:\\\/\\\/sorton.fr\\\/product\\\/clips-bande-de-cloture-20-pieces-19-cm-anthracite#primaryimage\"},\"thumbnailUrl\":\"https:\\\/\\\/sorton.fr\\\/wp-content\\\/uploads\\\/2025\\\/06\\\/79410595_1.jpg\",\"datePublished\":\"2025-06-22T12:33:51+00:00\",\"dateModified\":\"2026-03-30T15:00:23+00:00\",\"breadcrumb\":{\"@id\":\"https:\\\/\\\/sorton.fr\\\/product\\\/clips-bande-de-cloture-20-pieces-19-cm-anthracite#breadcrumb\"},\"inLanguage\":\"en-US\",\"potentialAction\":[{\"@type\":\"ReadAction\",\"target\":[\"https:\\\/\\\/sorton.fr\\\/product\\\/clips-bande-de-cloture-20-pieces-19-cm-anthracite\"]}]},{\"@type\":\"ImageObject\",\"inLanguage\":\"en-US\",\"@id\":\"https:\\\/\\\/sorton.fr\\\/product\\\/clips-bande-de-cloture-20-pieces-19-cm-anthracite#primaryimage\",\"url\":\"https:\\\/\\\/sorton.fr\\\/wp-content\\\/uploads\\\/2025\\\/06\\\/79410595_1.jpg\",\"contentUrl\":\"https:\\\/\\\/sorton.fr\\\/wp-content\\\/uploads\\\/2025\\\/06\\\/79410595_1.jpg\",\"width\":1000,\"height\":604},{\"@type\":\"BreadcrumbList\",\"@id\":\"https:\\\/\\\/sorton.fr\\\/product\\\/clips-bande-de-cloture-20-pieces-19-cm-anthracite#breadcrumb\",\"itemListElement\":[{\"@type\":\"ListItem\",\"position\":1,\"name\":\"Home\",\"item\":\"https:\\\/\\\/sorton.fr\\\/\"},{\"@type\":\"ListItem\",\"position\":2,\"name\":\"Magasin\",\"item\":\"https:\\\/\\\/sorton.fr\\\/magasin\"},{\"@type\":\"ListItem\",\"position\":3,\"name\":\"CLIPS &#8211; BANDE DE CL\u00d4TURE 20 PI\u00c8CES \\\/ 19 cm Anthracite\"}]},{\"@type\":\"WebSite\",\"@id\":\"https:\\\/\\\/sorton.fr\\\/#website\",\"url\":\"https:\\\/\\\/sorton.fr\\\/\",\"name\":\"SORTON\",\"description\":\"Fabricant de Lamelles d'occulation Souples\",\"potentialAction\":[{\"@type\":\"SearchAction\",\"target\":{\"@type\":\"EntryPoint\",\"urlTemplate\":\"https:\\\/\\\/sorton.fr\\\/?s={search_term_string}\"},\"query-input\":{\"@type\":\"PropertyValueSpecification\",\"valueRequired\":true,\"valueName\":\"search_term_string\"}}],\"inLanguage\":\"en-US\"}]}<\/script>\n<!-- \/ Yoast SEO plugin. -->","yoast_head_json":{"title":"CLIPS - BANDE DE CL\u00d4TURE 20 PI\u00c8CES \/ 19 cm Anthracite - SORTON","robots":{"index":"index","follow":"follow","max-snippet":"max-snippet:-1","max-image-preview":"max-image-preview:large","max-video-preview":"max-video-preview:-1"},"canonical":"https:\/\/sorton.fr\/en\/product\/clips-bande-de-cloture-20-pieces-19-cm-anthracite\/","og_locale":"en_US","og_type":"article","og_title":"CLIPS - BANDE DE CL\u00d4TURE 20 PI\u00c8CES \/ 19 cm Anthracite - SORTON","og_url":"https:\/\/sorton.fr\/en\/product\/clips-bande-de-cloture-20-pieces-19-cm-anthracite\/","og_site_name":"SORTON","article_modified_time":"2026-03-30T15:00:23+00:00","og_image":[{"url":"https:\/\/upload.cdn.baselinker.com\/products\/20133\/79410595_1.jpg","type":"","width":"","height":""}],"twitter_card":"summary_large_image","schema":{"@context":"https:\/\/schema.org","@graph":[{"@type":"WebPage","@id":"https:\/\/sorton.fr\/product\/clips-bande-de-cloture-20-pieces-19-cm-anthracite","url":"https:\/\/sorton.fr\/product\/clips-bande-de-cloture-20-pieces-19-cm-anthracite","name":"CLIPS - BANDE DE CL\u00d4TURE 20 PI\u00c8CES \/ 19 cm Anthracite - SORTON","isPartOf":{"@id":"https:\/\/sorton.fr\/#website"},"primaryImageOfPage":{"@id":"https:\/\/sorton.fr\/product\/clips-bande-de-cloture-20-pieces-19-cm-anthracite#primaryimage"},"image":{"@id":"https:\/\/sorton.fr\/product\/clips-bande-de-cloture-20-pieces-19-cm-anthracite#primaryimage"},"thumbnailUrl":"https:\/\/sorton.fr\/wp-content\/uploads\/2025\/06\/79410595_1.jpg","datePublished":"2025-06-22T12:33:51+00:00","dateModified":"2026-03-30T15:00:23+00:00","breadcrumb":{"@id":"https:\/\/sorton.fr\/product\/clips-bande-de-cloture-20-pieces-19-cm-anthracite#breadcrumb"},"inLanguage":"en-US","potentialAction":[{"@type":"ReadAction","target":["https:\/\/sorton.fr\/product\/clips-bande-de-cloture-20-pieces-19-cm-anthracite"]}]},{"@type":"ImageObject","inLanguage":"en-US","@id":"https:\/\/sorton.fr\/product\/clips-bande-de-cloture-20-pieces-19-cm-anthracite#primaryimage","url":"https:\/\/sorton.fr\/wp-content\/uploads\/2025\/06\/79410595_1.jpg","contentUrl":"https:\/\/sorton.fr\/wp-content\/uploads\/2025\/06\/79410595_1.jpg","width":1000,"height":604},{"@type":"BreadcrumbList","@id":"https:\/\/sorton.fr\/product\/clips-bande-de-cloture-20-pieces-19-cm-anthracite#breadcrumb","itemListElement":[{"@type":"ListItem","position":1,"name":"Home","item":"https:\/\/sorton.fr\/"},{"@type":"ListItem","position":2,"name":"Magasin","item":"https:\/\/sorton.fr\/magasin"},{"@type":"ListItem","position":3,"name":"CLIPS &#8211; BANDE DE CL\u00d4TURE 20 PI\u00c8CES \/ 19 cm Anthracite"}]},{"@type":"WebSite","@id":"https:\/\/sorton.fr\/#website","url":"https:\/\/sorton.fr\/","name":"SORTON","description":"Fabricant de Lamelles d'occulation Souples","potentialAction":[{"@type":"SearchAction","target":{"@type":"EntryPoint","urlTemplate":"https:\/\/sorton.fr\/?s={search_term_string}"},"query-input":{"@type":"PropertyValueSpecification","valueRequired":true,"valueName":"search_term_string"}}],"inLanguage":"en-US"}]}},"_links":{"self":[{"href":"https:\/\/sorton.fr\/en\/wp-json\/wp\/v2\/product\/1917","targetHints":{"allow":["GET"]}}],"collection":[{"href":"https:\/\/sorton.fr\/en\/wp-json\/wp\/v2\/product"}],"about":[{"href":"https:\/\/sorton.fr\/en\/wp-json\/wp\/v2\/types\/product"}],"replies":[{"embeddable":true,"href":"https:\/\/sorton.fr\/en\/wp-json\/wp\/v2\/comments?post=1917"}],"wp:featuredmedia":[{"embeddable":true,"href":"https:\/\/sorton.fr\/en\/wp-json\/wp\/v2\/media\/1914"}],"wp:attachment":[{"href":"https:\/\/sorton.fr\/en\/wp-json\/wp\/v2\/media?parent=1917"}],"wp:term":[{"taxonomy":"product_brand","embeddable":true,"href":"https:\/\/sorton.fr\/en\/wp-json\/wp\/v2\/product_brand?post=1917"},{"taxonomy":"product_cat","embeddable":true,"href":"https:\/\/sorton.fr\/en\/wp-json\/wp\/v2\/product_cat?post=1917"},{"taxonomy":"product_tag","embeddable":true,"href":"https:\/\/sorton.fr\/en\/wp-json\/wp\/v2\/product_tag?post=1917"}],"curies":[{"name":"wp","href":"https:\/\/api.w.org\/{rel}","templated":true}]}}