{"id":309,"date":"2023-07-10T05:34:32","date_gmt":"2023-07-10T05:34:32","guid":{"rendered":"https:\/\/sorton.fr\/?post_type=product&#038;p=309"},"modified":"2026-04-28T15:45:20","modified_gmt":"2026-04-28T15:45:20","slug":"bordure-de-jardin-flexible-premium","status":"publish","type":"product","link":"https:\/\/sorton.fr\/en\/product\/bordure-de-jardin-flexible-premium","title":{"rendered":"Bordure De Jardin Flexible &#8211; Premium"},"content":{"rendered":"<section class=\"section\" id=\"section_1230417508\">\n\t\t<div class=\"section-bg fill\" >\n\t\t\t\t\t\t\t\t\t\n\t\t\t\n\n\t\t<\/div>\n\n\t\t\n\n\t\t<div class=\"section-content relative\">\n\t\t\t\n<h1 style=\"text-align: center;\">Bordure de gazon en plastique flexible PVC<\/h1>\n\t\t<\/div>\n\n\t\t\n<style>\n#section_1230417508 {\n  padding-top: 30px;\n  padding-bottom: 30px;\n}\n<\/style>\n\t<\/section>\n\t\n<div class=\"row\"  id=\"row-517833687\">\n\n\t<div id=\"col-1403326638\" class=\"col medium-6 small-12 large-6\"  >\n\t\t\t\t<div class=\"col-inner\"  >\n\t\t\t\n\t\t\t\n\t<div class=\"img has-hover x md-x lg-x y md-y lg-y\" id=\"image_1409868415\">\n\t\t\t\t\t\t\t\t<div class=\"img-inner dark\" >\n\t\t\t<img decoding=\"async\" width=\"800\" height=\"800\" src=\"https:\/\/sorton.fr\/wp-content\/uploads\/2023\/07\/1mb-1-800x800.png\" class=\"attachment-large size-large\" alt=\"Bordure De Gazon\" srcset=\"https:\/\/sorton.fr\/wp-content\/uploads\/2023\/07\/1mb-1-800x800.png 800w, https:\/\/sorton.fr\/wp-content\/uploads\/2023\/07\/1mb-1-400x400.png 400w, https:\/\/sorton.fr\/wp-content\/uploads\/2023\/07\/1mb-1-280x280.png 280w, https:\/\/sorton.fr\/wp-content\/uploads\/2023\/07\/1mb-1-768x768.png 768w, https:\/\/sorton.fr\/wp-content\/uploads\/2023\/07\/1mb-1-1536x1536.png 1536w, https:\/\/sorton.fr\/wp-content\/uploads\/2023\/07\/1mb-1-300x300.png 300w, https:\/\/sorton.fr\/wp-content\/uploads\/2023\/07\/1mb-1-600x600.png 600w, https:\/\/sorton.fr\/wp-content\/uploads\/2023\/07\/1mb-1-100x100.png 100w, https:\/\/sorton.fr\/wp-content\/uploads\/2023\/07\/1mb-1.png 2000w\" sizes=\"(max-width: 800px) 100vw, 800px\" \/>\t\t\t\t\t\t\n\t\t\t\t\t<\/div>\n\t\t\t\t\t\t\t\t\n<style>\n#image_1409868415 {\n  width: 100%;\n}\n<\/style>\n\t<\/div>\n\t\n\t\t<\/div>\n\t\t\t\t\t<\/div>\n\n\t\n\n\t<div id=\"col-1671507638\" class=\"col medium-6 small-12 large-6\"  >\n\t\t\t\t<div class=\"col-inner\"  >\n\t\t\t\n\t\t\t\n<h2>Bordures de pelouse de gazon en plastique flexible : Esth\u00e9tique et fonctionnelle pour votre jardin<\/h2>\n<p>\ud83c\udf43La bordure de gazon en plastique flexible est esth\u00e9tique et s&rsquo;adapte \u00e0 des formes irr\u00e9guli\u00e8res. Elle s\u00e9pare nettement les parterres de fleurs, le gazon, l&rsquo;herbe et les pierres. De plus, sa robustesse est assur\u00e9e par son \u00e9paisseur de 0,80 mm.\ud83d\udcaa<\/p>\n\t\t<\/div>\n\t\t\t\t\t<\/div>\n\n\t\n<\/div>\n<div class=\"row\"  id=\"row-1664818934\">\n\n\t<div id=\"col-1552289662\" class=\"col medium-6 small-12 large-6\"  >\n\t\t\t\t<div class=\"col-inner\"  >\n\t\t\t\n\t\t\t\n<h2>\u00a0Mat\u00e9riaux r\u00e9sistants pour une bordure de jardin durable<\/h2>\n<p>\ud83c\udf43Notre bordure de jardin est fabriqu\u00e9e \u00e0 partir de polypropyl\u00e8ne (PP), un mat\u00e9riau aux excellentes propri\u00e9t\u00e9s m\u00e9caniques. Cette bordure de gazon est \u00e0 la fois r\u00e9sistante aux chocs et aux \u00e9crasements.<\/p>\n\t\t<\/div>\n\t\t\t\t\t<\/div>\n\n\t\n\n\t<div id=\"col-1600441691\" class=\"col medium-6 small-12 large-6\"  >\n\t\t\t\t<div class=\"col-inner\"  >\n\t\t\t\n\t\t\t\n\t<div class=\"img has-hover x md-x lg-x y md-y lg-y\" id=\"image_424321683\">\n\t\t\t\t\t\t\t\t<div class=\"img-inner dark\" >\n\t\t\t<img decoding=\"async\" width=\"280\" height=\"280\" src=\"https:\/\/sorton.fr\/wp-content\/uploads\/2023\/07\/720obrzeze1-2-280x280.jpg\" class=\"attachment-thumbnail size-thumbnail\" alt=\"Bordure De Jardin\" srcset=\"https:\/\/sorton.fr\/wp-content\/uploads\/2023\/07\/720obrzeze1-2-280x280.jpg 280w, https:\/\/sorton.fr\/wp-content\/uploads\/2023\/07\/720obrzeze1-2-300x300.jpg 300w, https:\/\/sorton.fr\/wp-content\/uploads\/2023\/07\/720obrzeze1-2-100x100.jpg 100w\" sizes=\"(max-width: 280px) 100vw, 280px\" \/>\t\t\t\t\t\t\n\t\t\t\t\t<\/div>\n\t\t\t\t\t\t\t\t\n<style>\n#image_424321683 {\n  width: 100%;\n}\n<\/style>\n\t<\/div>\n\t\n\t\t<\/div>\n\t\t\t\t\t<\/div>\n\n\t\n<\/div>\n<div class=\"row\"  id=\"row-1374854894\">\n\n\t<div id=\"col-1368296640\" class=\"col medium-6 small-12 large-6\"  >\n\t\t\t\t<div class=\"col-inner\"  >\n\t\t\t\n\t\t\t\n\t<div class=\"img has-hover x md-x lg-x y md-y lg-y\" id=\"image_1018974653\">\n\t\t\t\t\t\t\t\t<div class=\"img-inner dark\" >\n\t\t\t<img decoding=\"async\" width=\"800\" height=\"800\" src=\"https:\/\/sorton.fr\/wp-content\/uploads\/2023\/07\/gardener-800x800.png\" class=\"attachment-large size-large\" alt=\"elastic flexible bordure\" srcset=\"https:\/\/sorton.fr\/wp-content\/uploads\/2023\/07\/gardener-800x800.png 800w, https:\/\/sorton.fr\/wp-content\/uploads\/2023\/07\/gardener-400x400.png 400w, https:\/\/sorton.fr\/wp-content\/uploads\/2023\/07\/gardener-280x280.png 280w, https:\/\/sorton.fr\/wp-content\/uploads\/2023\/07\/gardener-768x768.png 768w, https:\/\/sorton.fr\/wp-content\/uploads\/2023\/07\/gardener-300x300.png 300w, https:\/\/sorton.fr\/wp-content\/uploads\/2023\/07\/gardener-600x600.png 600w, https:\/\/sorton.fr\/wp-content\/uploads\/2023\/07\/gardener-100x100.png 100w, https:\/\/sorton.fr\/wp-content\/uploads\/2023\/07\/gardener.png 1024w\" sizes=\"(max-width: 800px) 100vw, 800px\" \/>\t\t\t\t\t\t\n\t\t\t\t\t<\/div>\n\t\t\t\t\t\t\t\t\n<style>\n#image_1018974653 {\n  width: 100%;\n}\n<\/style>\n\t<\/div>\n\t\n\t\t<\/div>\n\t\t\t\t\t<\/div>\n\n\t\n\n\t<div id=\"col-1732944438\" class=\"col medium-6 small-12 large-6\"  >\n\t\t\t\t<div class=\"col-inner\"  >\n\t\t\t\n\t\t\t\n<h2>Installation facile et \u00e9cologique<\/h2>\n<p>\ud83c\udf43L&rsquo;installation de la bordures de pelouse de gazon est simple : une bande adh\u00e9sive flexible est enfonc\u00e9e dans le sol et peut \u00eatre ajust\u00e9e \u00e0 l&rsquo;aide d&rsquo;une paire de ciseaux. La bordures de pelouse de jardin devrait rester l\u00e9g\u00e8rement au-dessus du sol apr\u00e8s l&rsquo;installation.<\/p>\n<p>\ud83c\udf43Notre bordure de jardin est fabriqu\u00e9e \u00e0 partir de PP recycl\u00e9 de haute qualit\u00e9, qui peut \u00eatre r\u00e9utilis\u00e9 \u00e0 l&rsquo;avenir. Cette alternative \u00e9cologique au b\u00e9ton, \u00e0 l&rsquo;acier et au m\u00e9tal est parfaite pour votre jardin.<\/p>\n\t\t<\/div>\n\t\t\t\t\t<\/div>\n\n\t\n<\/div>\n<div class=\"row\"  id=\"row-526313541\">\n\n\t<div id=\"col-751796712\" class=\"col medium-6 small-12 large-6\"  >\n\t\t\t\t<div class=\"col-inner\"  >\n\t\t\t\n\t\t\t\n<h2>Facilit\u00e9 d&rsquo;installation et de manipulation<\/h2>\n<p>\ud83c\udf43Gr\u00e2ce \u00e0 la haute r\u00e9sistance du mat\u00e9riau, la bordures de pelouse de gazon en plastique est facile \u00e0 installer sans qu&rsquo;elle soit endommag\u00e9e. Elle peut \u00eatre divis\u00e9e en sections plus petites en la coupant avec une paire de ciseaux.<\/p>\n\t\t<\/div>\n\t\t\t\t\t<\/div>\n\n\t\n\n\t<div id=\"col-795535804\" class=\"col medium-6 small-12 large-6\"  >\n\t\t\t\t<div class=\"col-inner\"  >\n\t\t\t\n\t\t\t\n\t<div class=\"img has-hover x md-x lg-x y md-y lg-y\" id=\"image_164189610\">\n\t\t\t\t\t\t\t\t<div class=\"img-inner dark\" >\n\t\t\t<img decoding=\"async\" width=\"1000\" height=\"750\" src=\"https:\/\/sorton.fr\/wp-content\/uploads\/2023\/07\/wkopywanie-obrzeza-1.jpg\" class=\"attachment-large size-large\" alt=\"Bordures De Gazon\" srcset=\"https:\/\/sorton.fr\/wp-content\/uploads\/2023\/07\/wkopywanie-obrzeza-1.jpg 1000w, https:\/\/sorton.fr\/wp-content\/uploads\/2023\/07\/wkopywanie-obrzeza-1-533x400.jpg 533w, https:\/\/sorton.fr\/wp-content\/uploads\/2023\/07\/wkopywanie-obrzeza-1-768x576.jpg 768w, https:\/\/sorton.fr\/wp-content\/uploads\/2023\/07\/wkopywanie-obrzeza-1-600x450.jpg 600w\" sizes=\"(max-width: 1000px) 100vw, 1000px\" \/>\t\t\t\t\t\t\n\t\t\t\t\t<\/div>\n\t\t\t\t\t\t\t\t\n<style>\n#image_164189610 {\n  width: 100%;\n}\n<\/style>\n\t<\/div>\n\t\n\t\t<\/div>\n\t\t\t\t\t<\/div>\n\n\t\n<\/div>\n<div class=\"row\"  id=\"row-492411497\">\n\n\t<div id=\"col-1580658371\" class=\"col medium-6 small-12 large-6\"  >\n\t\t\t\t<div class=\"col-inner\"  >\n\t\t\t\n\t\t\t\n\t<div class=\"img has-hover x md-x lg-x y md-y lg-y\" id=\"image_1969170470\">\n\t\t\t\t\t\t\t\t<div class=\"img-inner dark\" >\n\t\t\t<img decoding=\"async\" width=\"1020\" height=\"662\" src=\"https:\/\/sorton.fr\/wp-content\/uploads\/2023\/07\/ogrodek1a-2.jpg\" class=\"attachment-large size-large\" alt=\"bordure flexible\" srcset=\"https:\/\/sorton.fr\/wp-content\/uploads\/2023\/07\/ogrodek1a-2.jpg 1024w, https:\/\/sorton.fr\/wp-content\/uploads\/2023\/07\/ogrodek1a-2-616x400.jpg 616w, https:\/\/sorton.fr\/wp-content\/uploads\/2023\/07\/ogrodek1a-2-768x499.jpg 768w, https:\/\/sorton.fr\/wp-content\/uploads\/2023\/07\/ogrodek1a-2-600x390.jpg 600w\" sizes=\"(max-width: 1020px) 100vw, 1020px\" \/>\t\t\t\t\t\t\n\t\t\t\t\t<\/div>\n\t\t\t\t\t\t\t\t\n<style>\n#image_1969170470 {\n  width: 100%;\n}\n<\/style>\n\t<\/div>\n\t\n\t\t<\/div>\n\t\t\t\t\t<\/div>\n\n\t\n\n\t<div id=\"col-868561776\" class=\"col medium-6 small-12 large-6\"  >\n\t\t\t\t<div class=\"col-inner\"  >\n\t\t\t\n\t\t\t\n<h2>Contr\u00f4le efficace de la croissance du gazon<\/h2>\n<p>\ud83c\udf43La bordure de jardin flexible est id\u00e9ale pour limiter la croissance de l&rsquo;herbe dans votre jardin. Les racines de l&rsquo;herbe peuvent s&rsquo;\u00e9tendre profond\u00e9ment dans le sol, mais la bordures de pelouse\u00a0 limite la croissance du syst\u00e8me racinaire.<\/p>\n\t\t<\/div>\n\t\t\t\t\t<\/div>\n\n\t\n<\/div>","protected":false},"excerpt":{"rendered":"","protected":false},"featured_media":349,"comment_status":"open","ping_status":"closed","template":"","meta":[],"product_brand":[],"product_cat":[73,15],"product_tag":[74],"class_list":{"0":"post-309","1":"product","2":"type-product","3":"status-publish","4":"has-post-thumbnail","6":"product_cat-bordures-de-gazon","7":"product_cat-tous","8":"product_tag-bordure","10":"first","11":"instock","12":"featured","13":"shipping-taxable","14":"purchasable","15":"product-type-variable","16":"has-default-attributes"},"yoast_head":"<!-- This site is optimized with the Yoast SEO plugin v27.4 - https:\/\/yoast.com\/product\/yoast-seo-wordpress\/ -->\n<title>Bordure De Jardin Flexible - Premium 20 cm x 10 m - SORTON<\/title>\n<meta name=\"description\" content=\"Optez pour notre Bordure de Jardin en Plastique. Flexible, durable et \u00e9cologique, elle sublime votre bordure de pelouse avec \u00e9l\u00e9gance\" \/>\n<meta name=\"robots\" content=\"index, follow, max-snippet:-1, max-image-preview:large, max-video-preview:-1\" \/>\n<link rel=\"canonical\" href=\"https:\/\/sorton.fr\/en\/product\/bordure-de-jardin-flexible-premium\/\" \/>\n<meta property=\"og:locale\" content=\"en_US\" \/>\n<meta property=\"og:type\" content=\"article\" \/>\n<meta property=\"og:title\" content=\"Bordure De Jardin Flexible - Premium 20 cm x 10 m - SORTON\" \/>\n<meta property=\"og:description\" content=\"Optez pour notre Bordure de Jardin en Plastique. Flexible, durable et \u00e9cologique, elle sublime votre bordure de pelouse avec \u00e9l\u00e9gance\" \/>\n<meta property=\"og:url\" content=\"https:\/\/sorton.fr\/en\/product\/bordure-de-jardin-flexible-premium\/\" \/>\n<meta property=\"og:site_name\" content=\"SORTON\" \/>\n<meta property=\"article:modified_time\" content=\"2026-04-28T15:45:20+00:00\" \/>\n<meta property=\"og:image\" content=\"https:\/\/sorton.fr\/wp-content\/uploads\/2023\/07\/PP-201004-1.jpg\" \/>\n\t<meta property=\"og:image:width\" content=\"2000\" \/>\n\t<meta property=\"og:image:height\" content=\"2000\" \/>\n\t<meta property=\"og:image:type\" content=\"image\/jpeg\" \/>\n<meta name=\"twitter:card\" content=\"summary_large_image\" \/>\n<meta name=\"twitter:label1\" content=\"Est. reading time\" \/>\n\t<meta name=\"twitter:data1\" content=\"2 minutes\" \/>\n<script type=\"application\/ld+json\" class=\"yoast-schema-graph\">{\"@context\":\"https:\\\/\\\/schema.org\",\"@graph\":[{\"@type\":\"WebPage\",\"@id\":\"https:\\\/\\\/sorton.fr\\\/product\\\/bordure-de-jardin-flexible-premium\\\/\",\"url\":\"https:\\\/\\\/sorton.fr\\\/product\\\/bordure-de-jardin-flexible-premium\\\/\",\"name\":\"Bordure De Jardin Flexible - Premium 20 cm x 10 m - SORTON\",\"isPartOf\":{\"@id\":\"https:\\\/\\\/sorton.fr\\\/#website\"},\"primaryImageOfPage\":{\"@id\":\"https:\\\/\\\/sorton.fr\\\/product\\\/bordure-de-jardin-flexible-premium\\\/#primaryimage\"},\"image\":{\"@id\":\"https:\\\/\\\/sorton.fr\\\/product\\\/bordure-de-jardin-flexible-premium\\\/#primaryimage\"},\"thumbnailUrl\":\"https:\\\/\\\/sorton.fr\\\/wp-content\\\/uploads\\\/2023\\\/07\\\/PP-201004-1.jpg\",\"datePublished\":\"2023-07-10T05:34:32+00:00\",\"dateModified\":\"2026-04-28T15:45:20+00:00\",\"description\":\"Optez pour notre Bordure de Jardin en Plastique. Flexible, durable et \u00e9cologique, elle sublime votre bordure de pelouse avec \u00e9l\u00e9gance\",\"breadcrumb\":{\"@id\":\"https:\\\/\\\/sorton.fr\\\/product\\\/bordure-de-jardin-flexible-premium\\\/#breadcrumb\"},\"inLanguage\":\"en-US\",\"potentialAction\":[{\"@type\":\"ReadAction\",\"target\":[\"https:\\\/\\\/sorton.fr\\\/product\\\/bordure-de-jardin-flexible-premium\\\/\"]}]},{\"@type\":\"ImageObject\",\"inLanguage\":\"en-US\",\"@id\":\"https:\\\/\\\/sorton.fr\\\/product\\\/bordure-de-jardin-flexible-premium\\\/#primaryimage\",\"url\":\"https:\\\/\\\/sorton.fr\\\/wp-content\\\/uploads\\\/2023\\\/07\\\/PP-201004-1.jpg\",\"contentUrl\":\"https:\\\/\\\/sorton.fr\\\/wp-content\\\/uploads\\\/2023\\\/07\\\/PP-201004-1.jpg\",\"width\":2000,\"height\":2000},{\"@type\":\"BreadcrumbList\",\"@id\":\"https:\\\/\\\/sorton.fr\\\/product\\\/bordure-de-jardin-flexible-premium\\\/#breadcrumb\",\"itemListElement\":[{\"@type\":\"ListItem\",\"position\":1,\"name\":\"Home\",\"item\":\"https:\\\/\\\/sorton.fr\\\/\"},{\"@type\":\"ListItem\",\"position\":2,\"name\":\"Magasin\",\"item\":\"https:\\\/\\\/sorton.fr\\\/magasin\"},{\"@type\":\"ListItem\",\"position\":3,\"name\":\"Bordure De Jardin Flexible &#8211; Premium\"}]},{\"@type\":\"WebSite\",\"@id\":\"https:\\\/\\\/sorton.fr\\\/#website\",\"url\":\"https:\\\/\\\/sorton.fr\\\/\",\"name\":\"SORTON\",\"description\":\"Fabricant de Lamelles d'occulation Souples\",\"potentialAction\":[{\"@type\":\"SearchAction\",\"target\":{\"@type\":\"EntryPoint\",\"urlTemplate\":\"https:\\\/\\\/sorton.fr\\\/?s={search_term_string}\"},\"query-input\":{\"@type\":\"PropertyValueSpecification\",\"valueRequired\":true,\"valueName\":\"search_term_string\"}}],\"inLanguage\":\"en-US\"}]}<\/script>\n<!-- \/ Yoast SEO plugin. -->","yoast_head_json":{"title":"Bordure De Jardin Flexible - Premium 20 cm x 10 m - SORTON","description":"Optez pour notre Bordure de Jardin en Plastique. Flexible, durable et \u00e9cologique, elle sublime votre bordure de pelouse avec \u00e9l\u00e9gance","robots":{"index":"index","follow":"follow","max-snippet":"max-snippet:-1","max-image-preview":"max-image-preview:large","max-video-preview":"max-video-preview:-1"},"canonical":"https:\/\/sorton.fr\/en\/product\/bordure-de-jardin-flexible-premium\/","og_locale":"en_US","og_type":"article","og_title":"Bordure De Jardin Flexible - Premium 20 cm x 10 m - SORTON","og_description":"Optez pour notre Bordure de Jardin en Plastique. Flexible, durable et \u00e9cologique, elle sublime votre bordure de pelouse avec \u00e9l\u00e9gance","og_url":"https:\/\/sorton.fr\/en\/product\/bordure-de-jardin-flexible-premium\/","og_site_name":"SORTON","article_modified_time":"2026-04-28T15:45:20+00:00","og_image":[{"width":2000,"height":2000,"url":"https:\/\/sorton.fr\/wp-content\/uploads\/2023\/07\/PP-201004-1.jpg","type":"image\/jpeg"}],"twitter_card":"summary_large_image","twitter_misc":{"Est. reading time":"2 minutes"},"schema":{"@context":"https:\/\/schema.org","@graph":[{"@type":"WebPage","@id":"https:\/\/sorton.fr\/product\/bordure-de-jardin-flexible-premium\/","url":"https:\/\/sorton.fr\/product\/bordure-de-jardin-flexible-premium\/","name":"Bordure De Jardin Flexible - Premium 20 cm x 10 m - SORTON","isPartOf":{"@id":"https:\/\/sorton.fr\/#website"},"primaryImageOfPage":{"@id":"https:\/\/sorton.fr\/product\/bordure-de-jardin-flexible-premium\/#primaryimage"},"image":{"@id":"https:\/\/sorton.fr\/product\/bordure-de-jardin-flexible-premium\/#primaryimage"},"thumbnailUrl":"https:\/\/sorton.fr\/wp-content\/uploads\/2023\/07\/PP-201004-1.jpg","datePublished":"2023-07-10T05:34:32+00:00","dateModified":"2026-04-28T15:45:20+00:00","description":"Optez pour notre Bordure de Jardin en Plastique. Flexible, durable et \u00e9cologique, elle sublime votre bordure de pelouse avec \u00e9l\u00e9gance","breadcrumb":{"@id":"https:\/\/sorton.fr\/product\/bordure-de-jardin-flexible-premium\/#breadcrumb"},"inLanguage":"en-US","potentialAction":[{"@type":"ReadAction","target":["https:\/\/sorton.fr\/product\/bordure-de-jardin-flexible-premium\/"]}]},{"@type":"ImageObject","inLanguage":"en-US","@id":"https:\/\/sorton.fr\/product\/bordure-de-jardin-flexible-premium\/#primaryimage","url":"https:\/\/sorton.fr\/wp-content\/uploads\/2023\/07\/PP-201004-1.jpg","contentUrl":"https:\/\/sorton.fr\/wp-content\/uploads\/2023\/07\/PP-201004-1.jpg","width":2000,"height":2000},{"@type":"BreadcrumbList","@id":"https:\/\/sorton.fr\/product\/bordure-de-jardin-flexible-premium\/#breadcrumb","itemListElement":[{"@type":"ListItem","position":1,"name":"Home","item":"https:\/\/sorton.fr\/"},{"@type":"ListItem","position":2,"name":"Magasin","item":"https:\/\/sorton.fr\/magasin"},{"@type":"ListItem","position":3,"name":"Bordure De Jardin Flexible &#8211; Premium"}]},{"@type":"WebSite","@id":"https:\/\/sorton.fr\/#website","url":"https:\/\/sorton.fr\/","name":"SORTON","description":"Fabricant de Lamelles d'occulation Souples","potentialAction":[{"@type":"SearchAction","target":{"@type":"EntryPoint","urlTemplate":"https:\/\/sorton.fr\/?s={search_term_string}"},"query-input":{"@type":"PropertyValueSpecification","valueRequired":true,"valueName":"search_term_string"}}],"inLanguage":"en-US"}]}},"_links":{"self":[{"href":"https:\/\/sorton.fr\/en\/wp-json\/wp\/v2\/product\/309","targetHints":{"allow":["GET"]}}],"collection":[{"href":"https:\/\/sorton.fr\/en\/wp-json\/wp\/v2\/product"}],"about":[{"href":"https:\/\/sorton.fr\/en\/wp-json\/wp\/v2\/types\/product"}],"replies":[{"embeddable":true,"href":"https:\/\/sorton.fr\/en\/wp-json\/wp\/v2\/comments?post=309"}],"wp:featuredmedia":[{"embeddable":true,"href":"https:\/\/sorton.fr\/en\/wp-json\/wp\/v2\/media\/349"}],"wp:attachment":[{"href":"https:\/\/sorton.fr\/en\/wp-json\/wp\/v2\/media?parent=309"}],"wp:term":[{"taxonomy":"product_brand","embeddable":true,"href":"https:\/\/sorton.fr\/en\/wp-json\/wp\/v2\/product_brand?post=309"},{"taxonomy":"product_cat","embeddable":true,"href":"https:\/\/sorton.fr\/en\/wp-json\/wp\/v2\/product_cat?post=309"},{"taxonomy":"product_tag","embeddable":true,"href":"https:\/\/sorton.fr\/en\/wp-json\/wp\/v2\/product_tag?post=309"}],"curies":[{"name":"wp","href":"https:\/\/api.w.org\/{rel}","templated":true}]}}